{"id":104,"date":"2025-03-28T12:07:41","date_gmt":"2025-03-28T16:07:41","guid":{"rendered":"http:\/\/txsiteweb.terminotix.local\/index.php\/terminotix\/"},"modified":"2026-04-01T10:19:55","modified_gmt":"2026-04-01T14:19:55","slug":"terminotix","status":"publish","type":"page","link":"https:\/\/terminotix.com\/en\/terminotix\/","title":{"rendered":"Terminotix"},"content":{"rendered":"<div data-elementor-type=\"wp-page\" data-elementor-id=\"104\" class=\"elementor elementor-104\" data-elementor-post-type=\"page\">\n\t\t\t\t<div class=\"elementor-element elementor-element-7981ab59 e-con-full e-flex e-con e-parent\" data-id=\"7981ab59\" data-element_type=\"container\" data-e-type=\"container\">\n\t\t\t\t<div class=\"elementor-element elementor-element-5a8a4 elementor-widget elementor-widget-image\" data-id=\"5a8a4\" data-element_type=\"widget\" data-e-type=\"widget\" data-widget_type=\"image.default\">\n\t\t\t\t<div class=\"elementor-widget-container\">\n\t\t\t\t\t\t\t\t\t\t\t\t\t\t\t<img fetchpriority=\"high\" decoding=\"async\" width=\"4002\" height=\"911\" src=\"https:\/\/terminotix.com\/wp-content\/uploads\/2025\/03\/multi_gears_grad-scaled.png\" class=\"attachment-full size-full wp-image-284\" alt=\"\" \/>\t\t\t\t\t\t\t\t\t\t\t\t\t\t\t<\/div>\n\t\t\t\t<\/div>\n\t\t\t\t<\/div>\n\t\t<div class=\"elementor-element elementor-element-1e5af4c3 e-flex e-con-boxed e-con e-parent\" data-id=\"1e5af4c3\" data-element_type=\"container\" data-e-type=\"container\">\n\t\t\t\t\t<div class=\"e-con-inner\">\n\t\t\t\t<div class=\"elementor-element elementor-element-c122056 elementor-widget elementor-widget-heading\" data-id=\"c122056\" data-element_type=\"widget\" data-e-type=\"widget\" data-widget_type=\"heading.default\">\n\t\t\t\t<div class=\"elementor-widget-container\">\n\t\t\t\t\t<h2 class=\"elementor-heading-title elementor-size-default\">Terminotix<\/h2>\t\t\t\t<\/div>\n\t\t\t\t<\/div>\n\t\t\t\t<div class=\"elementor-element elementor-element-7933bb9e elementor-widget elementor-widget-text-editor\" data-id=\"7933bb9e\" data-element_type=\"widget\" data-e-type=\"widget\" data-widget_type=\"text-editor.default\">\n\t\t\t\t<div class=\"elementor-widget-container\">\n\t\t\t\t\t\t\t\t\t<p>At Terminotix, our goal is to provide the tools to meet all computer-assisted translation needs and be the provider of choice in the language services industry.<\/p>\t\t\t\t\t\t\t\t<\/div>\n\t\t\t\t<\/div>\n\t\t\t\t\t<\/div>\n\t\t\t\t<\/div>\n\t\t<div class=\"elementor-element elementor-element-58e63404 e-flex e-con-boxed e-con e-parent\" data-id=\"58e63404\" data-element_type=\"container\" data-e-type=\"container\">\n\t\t\t\t\t<div class=\"e-con-inner\">\n\t\t\t\t<div class=\"elementor-element elementor-element-1f93d861 elementor-widget elementor-widget-heading\" data-id=\"1f93d861\" data-element_type=\"widget\" data-e-type=\"widget\" data-widget_type=\"heading.default\">\n\t\t\t\t<div class=\"elementor-widget-container\">\n\t\t\t\t\t<h2 class=\"elementor-heading-title elementor-size-default\">About us<\/h2>\t\t\t\t<\/div>\n\t\t\t\t<\/div>\n\t\t\t\t<div class=\"elementor-element elementor-element-65713aac elementor-widget elementor-widget-text-editor\" data-id=\"65713aac\" data-element_type=\"widget\" data-e-type=\"widget\" data-widget_type=\"text-editor.default\">\n\t\t\t\t<div class=\"elementor-widget-container\">\n\t\t\t\t\t\t\t\t\t<p>Terminotix is a software company with a mission to help language service departments and translation providers improve productivity by automating and enhancing their translation processes.<\/p>\t\t\t\t\t\t\t\t<\/div>\n\t\t\t\t<\/div>\n\t\t\t\t<div class=\"elementor-element elementor-element-434f884c elementor-widget elementor-widget-text-editor\" data-id=\"434f884c\" data-element_type=\"widget\" data-e-type=\"widget\" data-widget_type=\"text-editor.default\">\n\t\t\t\t<div class=\"elementor-widget-container\">\n\t\t\t\t\t\t\t\t\t<p>Our products enable managers to achieve productivity gains of 25% or more while helping translators standardize terminology. We are passionate about the needs of language professionals. We track developments in the industry to deliver reliable, user-friendly products that meet our clients\u2019 concrete needs.<\/p>\t\t\t\t\t\t\t\t<\/div>\n\t\t\t\t<\/div>\n\t\t\t\t<div class=\"elementor-element elementor-element-4f1bd91d elementor-widget elementor-widget-text-editor\" data-id=\"4f1bd91d\" data-element_type=\"widget\" data-e-type=\"widget\" data-widget_type=\"text-editor.default\">\n\t\t\t\t<div class=\"elementor-widget-container\">\n\t\t\t\t\t\t\t\t\t<p>Our products are modular, enabling direct integration and generating rapid return on investment for our clients. We work closely with our clients to provide exemplary service at every stage of the relationship, from sales and installation to training and technical support.<\/p>\t\t\t\t\t\t\t\t<\/div>\n\t\t\t\t<\/div>\n\t\t\t\t\t<\/div>\n\t\t\t\t<\/div>\n\t\t\t\t<\/div>","protected":false},"excerpt":{"rendered":"<p>Terminotix Terminotix a pour but d\u2019\u00eatre l&rsquo;entreprise de choix des services linguistiques pour r\u00e9pondre \u00e0 tous leurs besoins en mati\u00e8re d\u2019outils d\u2019aide \u00e0 la traduction. \u00c0 propos Terminotix est une compagnie de d\u00e9veloppement de logiciel dont la mission est d\u2019aider les services linguistiques et les fournisseurs de services de traduction \u00e0 accro\u00eetre leur productivit\u00e9 en [&hellip;]<\/p>","protected":false},"author":2,"featured_media":0,"parent":0,"menu_order":0,"comment_status":"closed","ping_status":"closed","template":"","meta":{"footnotes":""},"class_list":["post-104","page","type-page","status-publish","hentry"],"yoast_head":"<!-- This site is optimized with the Yoast SEO plugin v26.9 - https:\/\/yoast.com\/product\/yoast-seo-wordpress\/ -->\r\n<title>\u00c0 Propos - Terminotix, logiciels de traduction depuis 30 ans<\/title>\r\n<meta name=\"description\" content=\"Terminotix d\u00e9veloppe des logiciels de traduction et de terminologie depuis plus de 30 ans. Notre mission : aider les services linguistiques \u00e0 gagner en productivit\u00e9 et en uniformit\u00e9.\" \/>\r\n<meta name=\"robots\" content=\"index, follow, max-snippet:-1, max-image-preview:large, max-video-preview:-1\" \/>\r\n<link rel=\"canonical\" href=\"https:\/\/terminotix.com\/en\/terminotix\/\" \/>\r\n<meta property=\"og:locale\" content=\"en_US\" \/>\r\n<meta property=\"og:type\" content=\"article\" \/>\r\n<meta property=\"og:title\" content=\"\u00c0 Propos - Terminotix, logiciels de traduction depuis 30 ans\" \/>\r\n<meta property=\"og:description\" content=\"Terminotix d\u00e9veloppe des logiciels de traduction et de terminologie depuis plus de 30 ans. Notre mission : aider les services linguistiques \u00e0 gagner en productivit\u00e9 et en uniformit\u00e9.\" \/>\r\n<meta property=\"og:url\" content=\"https:\/\/terminotix.com\/en\/terminotix\/\" \/>\r\n<meta property=\"og:site_name\" content=\"Terminotix Inc.\" \/>\r\n<meta property=\"article:publisher\" content=\"https:\/\/www.facebook.com\/Terminotix\" \/>\r\n<meta property=\"article:modified_time\" content=\"2026-04-01T14:19:55+00:00\" \/>\r\n<meta property=\"og:image\" content=\"https:\/\/terminotix.com\/wp-content\/uploads\/2025\/03\/multi_gears_grad-scaled.png\" \/>\r\n<meta name=\"twitter:card\" content=\"summary_large_image\" \/>\r\n<meta name=\"twitter:site\" content=\"@terminotix\" \/>\r\n<meta name=\"twitter:label1\" content=\"Est. reading time\" \/>\n\t<meta name=\"twitter:data1\" content=\"1 minute\" \/>\r\n<script type=\"application\/ld+json\" class=\"yoast-schema-graph\">{\"@context\":\"https:\/\/schema.org\",\"@graph\":[{\"@type\":\"WebPage\",\"@id\":\"https:\/\/terminotix.com\/terminotix\/\",\"url\":\"https:\/\/terminotix.com\/terminotix\/\",\"name\":\"\u00c0 Propos - Terminotix, logiciels de traduction depuis 30 ans\",\"isPartOf\":{\"@id\":\"https:\/\/terminotix.com\/#website\"},\"primaryImageOfPage\":{\"@id\":\"https:\/\/terminotix.com\/terminotix\/#primaryimage\"},\"image\":{\"@id\":\"https:\/\/terminotix.com\/terminotix\/#primaryimage\"},\"thumbnailUrl\":\"https:\/\/terminotix.com\/wp-content\/uploads\/2025\/03\/multi_gears_grad-scaled.png\",\"datePublished\":\"2025-03-28T16:07:41+00:00\",\"dateModified\":\"2026-04-01T14:19:55+00:00\",\"description\":\"Terminotix d\u00e9veloppe des logiciels de traduction et de terminologie depuis plus de 30 ans. Notre mission : aider les services linguistiques \u00e0 gagner en productivit\u00e9 et en uniformit\u00e9.\",\"breadcrumb\":{\"@id\":\"https:\/\/terminotix.com\/terminotix\/#breadcrumb\"},\"inLanguage\":\"en-CA\",\"potentialAction\":[{\"@type\":\"ReadAction\",\"target\":[\"https:\/\/terminotix.com\/terminotix\/\"]}]},{\"@type\":\"ImageObject\",\"inLanguage\":\"en-CA\",\"@id\":\"https:\/\/terminotix.com\/terminotix\/#primaryimage\",\"url\":\"https:\/\/terminotix.com\/wp-content\/uploads\/2025\/03\/multi_gears_grad-scaled.png\",\"contentUrl\":\"https:\/\/terminotix.com\/wp-content\/uploads\/2025\/03\/multi_gears_grad-scaled.png\"},{\"@type\":\"BreadcrumbList\",\"@id\":\"https:\/\/terminotix.com\/terminotix\/#breadcrumb\",\"itemListElement\":[{\"@type\":\"ListItem\",\"position\":1,\"name\":\"Accueil\",\"item\":\"https:\/\/terminotix.com\/\"},{\"@type\":\"ListItem\",\"position\":2,\"name\":\"Terminotix\"}]},{\"@type\":\"WebSite\",\"@id\":\"https:\/\/terminotix.com\/#website\",\"url\":\"https:\/\/terminotix.com\/\",\"name\":\"Terminotix\",\"description\":\"Terminotix est une compagnie de d\u00e9veloppement de logiciel dont la mission est d\u2019aider les services linguistiques et les fournisseurs de services de traduction \u00e0 accro\u00eetre leur productivit\u00e9 en automatisant et en am\u00e9liorant leurs processus de traduction.\",\"publisher\":{\"@id\":\"https:\/\/terminotix.com\/#organization\"},\"potentialAction\":[{\"@type\":\"SearchAction\",\"target\":{\"@type\":\"EntryPoint\",\"urlTemplate\":\"https:\/\/terminotix.com\/?s={search_term_string}\"},\"query-input\":{\"@type\":\"PropertyValueSpecification\",\"valueRequired\":true,\"valueName\":\"search_term_string\"}}],\"inLanguage\":\"en-CA\"},{\"@type\":\"Organization\",\"@id\":\"https:\/\/terminotix.com\/#organization\",\"name\":\"Terminotix Inc.\",\"url\":\"https:\/\/terminotix.com\/\",\"logo\":{\"@type\":\"ImageObject\",\"inLanguage\":\"en-CA\",\"@id\":\"https:\/\/terminotix.com\/#\/schema\/logo\/image\/\",\"url\":\"https:\/\/terminotix.com\/wp-content\/uploads\/2025\/05\/app_logo.png\",\"contentUrl\":\"https:\/\/terminotix.com\/wp-content\/uploads\/2025\/05\/app_logo.png\",\"width\":87,\"height\":87,\"caption\":\"Terminotix Inc.\"},\"image\":{\"@id\":\"https:\/\/terminotix.com\/#\/schema\/logo\/image\/\"},\"sameAs\":[\"https:\/\/www.facebook.com\/Terminotix\",\"https:\/\/x.com\/terminotix\",\"https:\/\/www.youtube.com\/user\/Terminotix\",\"https:\/\/ca.linkedin.com\/company\/terminotix\"]}]}<\/script>\r\n<!-- \/ Yoast SEO plugin. -->","yoast_head_json":{"title":"\u00c0 Propos - Terminotix, logiciels de traduction depuis 30 ans","description":"Terminotix d\u00e9veloppe des logiciels de traduction et de terminologie depuis plus de 30 ans. Notre mission : aider les services linguistiques \u00e0 gagner en productivit\u00e9 et en uniformit\u00e9.","robots":{"index":"index","follow":"follow","max-snippet":"max-snippet:-1","max-image-preview":"max-image-preview:large","max-video-preview":"max-video-preview:-1"},"canonical":"https:\/\/terminotix.com\/en\/terminotix\/","og_locale":"en_US","og_type":"article","og_title":"\u00c0 Propos - Terminotix, logiciels de traduction depuis 30 ans","og_description":"Terminotix d\u00e9veloppe des logiciels de traduction et de terminologie depuis plus de 30 ans. Notre mission : aider les services linguistiques \u00e0 gagner en productivit\u00e9 et en uniformit\u00e9.","og_url":"https:\/\/terminotix.com\/en\/terminotix\/","og_site_name":"Terminotix Inc.","article_publisher":"https:\/\/www.facebook.com\/Terminotix","article_modified_time":"2026-04-01T14:19:55+00:00","og_image":[{"url":"https:\/\/terminotix.com\/wp-content\/uploads\/2025\/03\/multi_gears_grad-scaled.png","type":"","width":"","height":""}],"twitter_card":"summary_large_image","twitter_site":"@terminotix","twitter_misc":{"Est. reading time":"1 minute"},"schema":{"@context":"https:\/\/schema.org","@graph":[{"@type":"WebPage","@id":"https:\/\/terminotix.com\/terminotix\/","url":"https:\/\/terminotix.com\/terminotix\/","name":"\u00c0 Propos - Terminotix, logiciels de traduction depuis 30 ans","isPartOf":{"@id":"https:\/\/terminotix.com\/#website"},"primaryImageOfPage":{"@id":"https:\/\/terminotix.com\/terminotix\/#primaryimage"},"image":{"@id":"https:\/\/terminotix.com\/terminotix\/#primaryimage"},"thumbnailUrl":"https:\/\/terminotix.com\/wp-content\/uploads\/2025\/03\/multi_gears_grad-scaled.png","datePublished":"2025-03-28T16:07:41+00:00","dateModified":"2026-04-01T14:19:55+00:00","description":"Terminotix d\u00e9veloppe des logiciels de traduction et de terminologie depuis plus de 30 ans. Notre mission : aider les services linguistiques \u00e0 gagner en productivit\u00e9 et en uniformit\u00e9.","breadcrumb":{"@id":"https:\/\/terminotix.com\/terminotix\/#breadcrumb"},"inLanguage":"en-CA","potentialAction":[{"@type":"ReadAction","target":["https:\/\/terminotix.com\/terminotix\/"]}]},{"@type":"ImageObject","inLanguage":"en-CA","@id":"https:\/\/terminotix.com\/terminotix\/#primaryimage","url":"https:\/\/terminotix.com\/wp-content\/uploads\/2025\/03\/multi_gears_grad-scaled.png","contentUrl":"https:\/\/terminotix.com\/wp-content\/uploads\/2025\/03\/multi_gears_grad-scaled.png"},{"@type":"BreadcrumbList","@id":"https:\/\/terminotix.com\/terminotix\/#breadcrumb","itemListElement":[{"@type":"ListItem","position":1,"name":"Accueil","item":"https:\/\/terminotix.com\/"},{"@type":"ListItem","position":2,"name":"Terminotix"}]},{"@type":"WebSite","@id":"https:\/\/terminotix.com\/#website","url":"https:\/\/terminotix.com\/","name":"Terminotix","description":"Terminotix is a software company with a mission to help language service departments and translation providers improve productivity by automating and enhancing their translation processes.","publisher":{"@id":"https:\/\/terminotix.com\/#organization"},"potentialAction":[{"@type":"SearchAction","target":{"@type":"EntryPoint","urlTemplate":"https:\/\/terminotix.com\/?s={search_term_string}"},"query-input":{"@type":"PropertyValueSpecification","valueRequired":true,"valueName":"search_term_string"}}],"inLanguage":"en-CA"},{"@type":"Organization","@id":"https:\/\/terminotix.com\/#organization","name":"Terminotix Inc.","url":"https:\/\/terminotix.com\/","logo":{"@type":"ImageObject","inLanguage":"en-CA","@id":"https:\/\/terminotix.com\/#\/schema\/logo\/image\/","url":"https:\/\/terminotix.com\/wp-content\/uploads\/2025\/05\/app_logo.png","contentUrl":"https:\/\/terminotix.com\/wp-content\/uploads\/2025\/05\/app_logo.png","width":87,"height":87,"caption":"Terminotix Inc."},"image":{"@id":"https:\/\/terminotix.com\/#\/schema\/logo\/image\/"},"sameAs":["https:\/\/www.facebook.com\/Terminotix","https:\/\/x.com\/terminotix","https:\/\/www.youtube.com\/user\/Terminotix","https:\/\/ca.linkedin.com\/company\/terminotix"]}]}},"_links":{"self":[{"href":"https:\/\/terminotix.com\/en\/wp-json\/wp\/v2\/pages\/104","targetHints":{"allow":["GET"]}}],"collection":[{"href":"https:\/\/terminotix.com\/en\/wp-json\/wp\/v2\/pages"}],"about":[{"href":"https:\/\/terminotix.com\/en\/wp-json\/wp\/v2\/types\/page"}],"author":[{"embeddable":true,"href":"https:\/\/terminotix.com\/en\/wp-json\/wp\/v2\/users\/2"}],"replies":[{"embeddable":true,"href":"https:\/\/terminotix.com\/en\/wp-json\/wp\/v2\/comments?post=104"}],"version-history":[{"count":28,"href":"https:\/\/terminotix.com\/en\/wp-json\/wp\/v2\/pages\/104\/revisions"}],"predecessor-version":[{"id":6467,"href":"https:\/\/terminotix.com\/en\/wp-json\/wp\/v2\/pages\/104\/revisions\/6467"}],"wp:attachment":[{"href":"https:\/\/terminotix.com\/en\/wp-json\/wp\/v2\/media?parent=104"}],"curies":[{"name":"wp","href":"https:\/\/api.w.org\/{rel}","templated":true}]}}