{"id":119,"date":"2025-03-28T12:07:49","date_gmt":"2025-03-28T16:07:49","guid":{"rendered":"http:\/\/txsiteweb.terminotix.local\/index.php\/extraction-des-termes\/"},"modified":"2026-03-30T10:15:50","modified_gmt":"2026-03-30T14:15:50","slug":"extraction-des-termes","status":"publish","type":"page","link":"https:\/\/terminotix.com\/en\/extraction-des-termes\/","title":{"rendered":"Term extraction"},"content":{"rendered":"<div data-elementor-type=\"wp-page\" data-elementor-id=\"119\" class=\"elementor elementor-119\" data-elementor-post-type=\"page\">\n\t\t\t\t<div class=\"elementor-element elementor-element-a7cb697 e-con-full e-flex e-con e-parent\" data-id=\"a7cb697\" data-element_type=\"container\" data-e-type=\"container\">\n\t\t\t\t<div class=\"elementor-element elementor-element-1e66f961 elementor-widget elementor-widget-image\" data-id=\"1e66f961\" data-element_type=\"widget\" data-e-type=\"widget\" data-widget_type=\"image.default\">\n\t\t\t\t<div class=\"elementor-widget-container\">\n\t\t\t\t\t\t\t\t\t\t\t\t\t\t\t<img fetchpriority=\"high\" decoding=\"async\" width=\"3999\" height=\"911\" src=\"https:\/\/terminotix.com\/wp-content\/uploads\/2025\/03\/yellow_gears_grad-scaled.png\" class=\"attachment-full size-full wp-image-307\" alt=\"Background image yellow gears\" \/>\t\t\t\t\t\t\t\t\t\t\t\t\t\t\t<\/div>\n\t\t\t\t<\/div>\n\t\t\t\t<\/div>\n\t\t<div class=\"elementor-element elementor-element-3935033e e-flex e-con-boxed e-con e-parent\" data-id=\"3935033e\" data-element_type=\"container\" data-e-type=\"container\">\n\t\t\t\t\t<div class=\"e-con-inner\">\n\t\t\t\t<div class=\"elementor-element elementor-element-4e2588a7 elementor-widget elementor-widget-heading\" data-id=\"4e2588a7\" data-element_type=\"widget\" data-e-type=\"widget\" data-widget_type=\"heading.default\">\n\t\t\t\t<div class=\"elementor-widget-container\">\n\t\t\t\t\t<h2 class=\"elementor-heading-title elementor-size-default\">Bilingual term extraction software<\/h2>\t\t\t\t<\/div>\n\t\t\t\t<\/div>\n\t\t\t\t<div class=\"elementor-element elementor-element-47351e29 elementor-widget elementor-widget-text-editor\" data-id=\"47351e29\" data-element_type=\"widget\" data-e-type=\"widget\" data-widget_type=\"text-editor.default\">\n\t\t\t\t<div class=\"elementor-widget-container\">\n\t\t\t\t\t\t\t\t\t<p>Smart terminology management for enhanced accuracy and consistency<\/p>\t\t\t\t\t\t\t\t<\/div>\n\t\t\t\t<\/div>\n\t\t\t\t\t<\/div>\n\t\t\t\t<\/div>\n\t\t<div class=\"elementor-element elementor-element-7e30a5b0 e-flex e-con-boxed e-con e-parent\" data-id=\"7e30a5b0\" data-element_type=\"container\" data-e-type=\"container\">\n\t\t\t\t\t<div class=\"e-con-inner\">\n\t\t<div class=\"elementor-element elementor-element-74983e2c e-con-full e-flex e-con e-child\" data-id=\"74983e2c\" data-element_type=\"container\" data-e-type=\"container\">\n\t\t\t\t<div class=\"elementor-element elementor-element-f454d64 elementor-widget elementor-widget-heading\" data-id=\"f454d64\" data-element_type=\"widget\" data-e-type=\"widget\" data-widget_type=\"heading.default\">\n\t\t\t\t<div class=\"elementor-widget-container\">\n\t\t\t\t\t<h2 class=\"elementor-heading-title elementor-size-default\">Term extraction<\/h2>\t\t\t\t<\/div>\n\t\t\t\t<\/div>\n\t\t\t\t<div class=\"elementor-element elementor-element-7ad342b8 elementor-widget elementor-widget-text-editor\" data-id=\"7ad342b8\" data-element_type=\"widget\" data-e-type=\"widget\" data-widget_type=\"text-editor.default\">\n\t\t\t\t<div class=\"elementor-widget-container\">\n\t\t\t\t\t\t\t\t\t<p><strong>SynchroTerm<\/strong> accelerates the process of extracting terminology and creating term records by employing statistical algorithms to automatically identify equivalent terms. It extracts source terms, their equivalents and their contexts from file pairs in any format, LogiTerm bitexts, and SDLXLIFF, XLIFF or TMX files.<\/p>\t\t\t\t\t\t\t\t<\/div>\n\t\t\t\t<\/div>\n\t\t<div class=\"elementor-element elementor-element-64cff94b e-grid e-con-full e-con e-child\" data-id=\"64cff94b\" data-element_type=\"container\" data-e-type=\"container\">\n\t\t<a class=\"eael-wrapper-link-47b9a4eb --eael-wrapper-link-tag\" href=\"\/en\/synchroterm\/\"><\/a><div data-eael-wrapper-link=\"eael-wrapper-link-47b9a4eb\" class=\"elementor-element elementor-element-47b9a4eb e-con-full e-flex e-con e-child\" data-id=\"47b9a4eb\" data-element_type=\"container\" data-e-type=\"container\">\n\t\t<div class=\"elementor-element elementor-element-72000afb e-grid e-con-full e-con e-child\" data-id=\"72000afb\" data-element_type=\"container\" data-e-type=\"container\">\n\t\t\t\t<div class=\"elementor-element elementor-element-605be83b elementor-view-default elementor-widget elementor-widget-icon\" data-id=\"605be83b\" data-element_type=\"widget\" data-e-type=\"widget\" data-widget_type=\"icon.default\">\n\t\t\t\t<div class=\"elementor-widget-container\">\n\t\t\t\t\t\t\t<div class=\"elementor-icon-wrapper\">\n\t\t\t<div class=\"elementor-icon\">\n\t\t\t<svg xmlns=\"http:\/\/www.w3.org\/2000\/svg\" id=\"Calque_1\" viewbox=\"0 0 244.05 31.26\"><defs><style>      .cls-syn1 {        fill: #e1bb00;        fill-rule: evenodd;      }      .cls-syn2 {        fill: #656264;      }    <\/style><\/defs><path class=\"cls-syn2\" d=\"M17.35,2.58H3.64v5.44h12.21c1.75,0,2.94.33,3.57.97.63.65.94,1.85.94,3.6v2.17c0,1.77-.31,2.98-.94,3.62-.63.64-1.82.96-3.57.96H4.55c-1.75,0-2.95-.32-3.59-.96-.64-.64-.96-1.84-.96-3.62v-.53l3.01-.71v3.11h14.42v-5.81H5.26c-1.73,0-2.91-.32-3.55-.96-.64-.64-.96-1.84-.96-3.62v-1.69c0-1.8.32-3.01.96-3.64.64-.62,1.82-.94,3.55-.94h10.33c1.65,0,2.82.29,3.51.89.69.59,1.03,1.7,1.03,3.31v.41l-2.78.79v-2.81Z\"><\/path><path class=\"cls-syn2\" d=\"M30.84,19.35v-6.94L22.54,3.45h3.64l6.35,6.9,6.05-6.9h3.53l-8.26,8.96v6.94h-3.01Z\"><\/path><path class=\"cls-syn2\" d=\"M47.85,6.64c.15.93.23,1.88.23,2.85v9.86h-2.78V3.45h2.29l11.68,10.39c.73.65,1.36,1.38,1.92,2.18-.18-.95-.26-1.94-.26-2.96V3.45h2.78v15.9h-2.07l-11.91-10.54c-.8-.7-1.43-1.43-1.88-2.18Z\"><\/path><path class=\"cls-syn2\" d=\"M82.94,5.81h-11.12v11.18h11.12v-3.79l3.01.56v1.88c0,1.44-.28,2.42-.83,2.94-.55.52-1.58.77-3.08.77h-9.35c-1.53,0-2.56-.25-3.08-.77-.53-.51-.79-1.51-.79-2.98V7.24c0-1.47.27-2.47.81-3,.54-.53,1.56-.79,3.06-.79h9.35c1.5,0,2.53.26,3.08.79.55.53.83,1.53.83,3v1.5l-3.01.49v-3.41Z\"><\/path><path class=\"cls-syn2\" d=\"M91.01,19.35V3.49h3.01v6.38h12.7V3.49h3.01v15.86h-3.01v-7.09h-12.7v7.09h-3.01Z\"><\/path><path class=\"cls-syn2\" d=\"M115.77,19.35V3.45h12.84c2.23,0,3.35,1.02,3.35,3.07v3.56c0,2.03-1.12,3.04-3.35,3.04h-2.11l7.02,6.22h-4.02l-6.36-6.22h-4.37v6.22h-3ZM127.26,5.81h-8.49v5.1h8.49c.8,0,1.3-.18,1.5-.56.13-.22.19-.57.19-1.04v-1.9c0-1.07-.56-1.6-1.69-1.6Z\"><\/path><path class=\"cls-syn2\" d=\"M170.62,2.62v16.72h-3.23V2.62h-8.86V0h21v2.62h-8.9Z\"><\/path><path class=\"cls-syn2\" d=\"M181.36,19.35V3.45h16.04v2.36h-13.03v4.09h7.85v2.36h-7.85v4.76h13.19v2.33h-16.19Z\"><\/path><path class=\"cls-syn2\" d=\"M201.87,19.35V3.45h12.84c2.23,0,3.35,1.02,3.35,3.07v3.56c0,2.03-1.12,3.04-3.35,3.04h-2.11l7.02,6.22h-4.02l-6.36-6.22h-4.37v6.22h-3.01ZM213.36,5.81h-8.49v5.1h8.49c.8,0,1.3-.18,1.5-.56.13-.22.19-.57.19-1.04v-1.9c0-1.07-.56-1.6-1.69-1.6Z\"><\/path><path class=\"cls-syn2\" d=\"M225.98,6.41l.08,2.21v10.72h-2.48V3.45h2.48l7.92,10.31,7.29-10.31h2.78v15.9h-2.78v-10.72c0-.77.06-1.51.19-2.21-.35,1-.7,1.74-1.05,2.21l-6.12,8.21h-.79l-6.35-8.13c-.48-.6-.86-1.36-1.16-2.29Z\"><\/path><g><path class=\"cls-syn1\" d=\"M136.31,22.02c-.52-1.46-.81-3.04-.81-4.69,0-6.83,4.93-12.52,11.44-13.7v4.15c-4.24,1.11-7.38,4.96-7.38,9.55,0,.9.12,1.78.35,2.61l-3.6,2.08h0Z\"><\/path><path class=\"cls-syn1\" d=\"M160.08,26.35c-2.56,3-6.37,4.91-10.62,4.91s-8.07-1.91-10.63-4.91l3.6-2.07c1.79,1.81,4.28,2.93,7.03,2.93s5.24-1.12,7.03-2.93l3.6,2.07h0Z\"><\/path><path class=\"cls-syn1\" d=\"M151.96,3.64c6.51,1.18,11.44,6.86,11.44,13.7,0,1.64-.29,3.22-.81,4.69l-3.6-2.08c.23-.83.35-1.7.35-2.61,0-4.59-3.13-8.44-7.38-9.55V3.64h0Z\"><\/path><\/g><\/svg>\t\t\t<\/div>\n\t\t<\/div>\n\t\t\t\t\t\t<\/div>\n\t\t\t\t<\/div>\n\t\t\t\t<div class=\"elementor-element elementor-element-3652c14b elementor-hidden-mobile elementor-widget elementor-widget-html\" data-id=\"3652c14b\" data-element_type=\"widget\" data-e-type=\"widget\" data-widget_type=\"html.default\">\n\t\t\t\t<div class=\"elementor-widget-container\">\n\t\t\t\t\t<div class=\"line_verti_a2\" style=\"width: 2.8px; height: 3.5em; background-color: #DDB829;\"><\/div>\t\t\t\t<\/div>\n\t\t\t\t<\/div>\n\t\t<div class=\"elementor-element elementor-element-4fce25d7 e-con-full e-flex e-con e-child\" data-id=\"4fce25d7\" data-element_type=\"container\" data-e-type=\"container\">\n\t\t\t\t<div class=\"elementor-element elementor-element-64596dd5 elementor-widget elementor-widget-heading\" data-id=\"64596dd5\" data-element_type=\"widget\" data-e-type=\"widget\" data-widget_type=\"heading.default\">\n\t\t\t\t<div class=\"elementor-widget-container\">\n\t\t\t\t\t<h2 class=\"elementor-heading-title elementor-size-default\">Bilingual term extraction software<\/h2>\t\t\t\t<\/div>\n\t\t\t\t<\/div>\n\t\t\t\t<div class=\"elementor-element elementor-element-100c3e2e elementor-widget elementor-widget-text-editor\" data-id=\"100c3e2e\" data-element_type=\"widget\" data-e-type=\"widget\" data-widget_type=\"text-editor.default\">\n\t\t\t\t<div class=\"elementor-widget-container\">\n\t\t\t\t\t\t\t\t\t<p><strong>SynchroTerm<\/strong> accelerates term extraction and term record creation.<\/p>\t\t\t\t\t\t\t\t<\/div>\n\t\t\t\t<\/div>\n\t\t\t\t<\/div>\n\t\t\t\t<div class=\"elementor-element elementor-element-781464a1 elementor-widget elementor-widget-text-editor\" data-id=\"781464a1\" data-element_type=\"widget\" data-e-type=\"widget\" data-widget_type=\"text-editor.default\">\n\t\t\t\t<div class=\"elementor-widget-container\">\n\t\t\t\t\t\t\t\t\t<p>More info<\/p>\t\t\t\t\t\t\t\t<\/div>\n\t\t\t\t<\/div>\n\t\t\t\t<\/div>\n\t\t\t\t<\/div>\n\t\t\t\t<\/div>\n\t\t\t\t<\/div>\n\t\t\t\t\t<\/div>\n\t\t\t\t<\/div>\n\t\t\t\t<\/div>","protected":false},"excerpt":{"rendered":"<p>Logiciel de d\u00e9pouillement terminologique bilingue Gestion intelligente de la terminologie pour une pr\u00e9cision et une coh\u00e9rence accrues D\u00e9pouillement terminologique SynchroTerm permet d\u2019acc\u00e9l\u00e9rer le d\u00e9pouillement terminologique et la cr\u00e9ation de fiches en utilisant des algorithmes statistiques pour rep\u00e9rer automatiquement les \u00e9quivalents terminologiques. Il extrait automatiquement les termes sources, leurs \u00e9quivalents ainsi que les contextes \u00e0 partir [&hellip;]<\/p>","protected":false},"author":2,"featured_media":0,"parent":0,"menu_order":0,"comment_status":"closed","ping_status":"closed","template":"","meta":{"footnotes":""},"class_list":["post-119","page","type-page","status-publish","hentry"],"yoast_head":"<!-- This site is optimized with the Yoast SEO plugin v26.9 - https:\/\/yoast.com\/product\/yoast-seo-wordpress\/ -->\r\n<title>D\u00e9pouillement terminologique bilingue<\/title>\r\n<meta name=\"description\" content=\"SynchroTerm acc\u00e9l\u00e8re le d\u00e9pouillement terminologique bilingue et la cr\u00e9ation de fiches. Extraction automatique de termes, \u00e9quivalents et contextes depuis plus de 100 formats.\" \/>\r\n<meta name=\"robots\" content=\"index, follow, max-snippet:-1, max-image-preview:large, max-video-preview:-1\" \/>\r\n<link rel=\"canonical\" href=\"https:\/\/terminotix.com\/en\/extraction-des-termes\/\" \/>\r\n<meta property=\"og:locale\" content=\"en_US\" \/>\r\n<meta property=\"og:type\" content=\"article\" \/>\r\n<meta property=\"og:title\" content=\"D\u00e9pouillement terminologique bilingue\" \/>\r\n<meta property=\"og:description\" content=\"SynchroTerm acc\u00e9l\u00e8re le d\u00e9pouillement terminologique bilingue et la cr\u00e9ation de fiches. Extraction automatique de termes, \u00e9quivalents et contextes depuis plus de 100 formats.\" \/>\r\n<meta property=\"og:url\" content=\"https:\/\/terminotix.com\/en\/extraction-des-termes\/\" \/>\r\n<meta property=\"og:site_name\" content=\"Terminotix Inc.\" \/>\r\n<meta property=\"article:publisher\" content=\"https:\/\/www.facebook.com\/Terminotix\" \/>\r\n<meta property=\"article:modified_time\" content=\"2026-03-30T14:15:50+00:00\" \/>\r\n<meta property=\"og:image\" content=\"https:\/\/terminotix.com\/wp-content\/uploads\/2025\/03\/yellow_gears_grad-scaled.png\" \/>\r\n<meta name=\"twitter:card\" content=\"summary_large_image\" \/>\r\n<meta name=\"twitter:site\" content=\"@terminotix\" \/>\r\n<meta name=\"twitter:label1\" content=\"Est. reading time\" \/>\n\t<meta name=\"twitter:data1\" content=\"1 minute\" \/>\r\n<script type=\"application\/ld+json\" class=\"yoast-schema-graph\">{\"@context\":\"https:\/\/schema.org\",\"@graph\":[{\"@type\":\"WebPage\",\"@id\":\"https:\/\/terminotix.com\/extraction-des-termes\/\",\"url\":\"https:\/\/terminotix.com\/extraction-des-termes\/\",\"name\":\"D\u00e9pouillement terminologique bilingue\",\"isPartOf\":{\"@id\":\"https:\/\/terminotix.com\/#website\"},\"primaryImageOfPage\":{\"@id\":\"https:\/\/terminotix.com\/extraction-des-termes\/#primaryimage\"},\"image\":{\"@id\":\"https:\/\/terminotix.com\/extraction-des-termes\/#primaryimage\"},\"thumbnailUrl\":\"https:\/\/terminotix.com\/wp-content\/uploads\/2025\/03\/yellow_gears_grad-scaled.png\",\"datePublished\":\"2025-03-28T16:07:49+00:00\",\"dateModified\":\"2026-03-30T14:15:50+00:00\",\"description\":\"SynchroTerm acc\u00e9l\u00e8re le d\u00e9pouillement terminologique bilingue et la cr\u00e9ation de fiches. Extraction automatique de termes, \u00e9quivalents et contextes depuis plus de 100 formats.\",\"breadcrumb\":{\"@id\":\"https:\/\/terminotix.com\/extraction-des-termes\/#breadcrumb\"},\"inLanguage\":\"en-CA\",\"potentialAction\":[{\"@type\":\"ReadAction\",\"target\":[\"https:\/\/terminotix.com\/extraction-des-termes\/\"]}]},{\"@type\":\"ImageObject\",\"inLanguage\":\"en-CA\",\"@id\":\"https:\/\/terminotix.com\/extraction-des-termes\/#primaryimage\",\"url\":\"https:\/\/terminotix.com\/wp-content\/uploads\/2025\/03\/yellow_gears_grad-scaled.png\",\"contentUrl\":\"https:\/\/terminotix.com\/wp-content\/uploads\/2025\/03\/yellow_gears_grad-scaled.png\"},{\"@type\":\"BreadcrumbList\",\"@id\":\"https:\/\/terminotix.com\/extraction-des-termes\/#breadcrumb\",\"itemListElement\":[{\"@type\":\"ListItem\",\"position\":1,\"name\":\"Accueil\",\"item\":\"https:\/\/terminotix.com\/\"},{\"@type\":\"ListItem\",\"position\":2,\"name\":\"D\u00e9pouillement terminologique\"}]},{\"@type\":\"WebSite\",\"@id\":\"https:\/\/terminotix.com\/#website\",\"url\":\"https:\/\/terminotix.com\/\",\"name\":\"Terminotix\",\"description\":\"Terminotix est une compagnie de d\u00e9veloppement de logiciel dont la mission est d\u2019aider les services linguistiques et les fournisseurs de services de traduction \u00e0 accro\u00eetre leur productivit\u00e9 en automatisant et en am\u00e9liorant leurs processus de traduction.\",\"publisher\":{\"@id\":\"https:\/\/terminotix.com\/#organization\"},\"potentialAction\":[{\"@type\":\"SearchAction\",\"target\":{\"@type\":\"EntryPoint\",\"urlTemplate\":\"https:\/\/terminotix.com\/?s={search_term_string}\"},\"query-input\":{\"@type\":\"PropertyValueSpecification\",\"valueRequired\":true,\"valueName\":\"search_term_string\"}}],\"inLanguage\":\"en-CA\"},{\"@type\":\"Organization\",\"@id\":\"https:\/\/terminotix.com\/#organization\",\"name\":\"Terminotix Inc.\",\"url\":\"https:\/\/terminotix.com\/\",\"logo\":{\"@type\":\"ImageObject\",\"inLanguage\":\"en-CA\",\"@id\":\"https:\/\/terminotix.com\/#\/schema\/logo\/image\/\",\"url\":\"https:\/\/terminotix.com\/wp-content\/uploads\/2025\/05\/app_logo.png\",\"contentUrl\":\"https:\/\/terminotix.com\/wp-content\/uploads\/2025\/05\/app_logo.png\",\"width\":87,\"height\":87,\"caption\":\"Terminotix Inc.\"},\"image\":{\"@id\":\"https:\/\/terminotix.com\/#\/schema\/logo\/image\/\"},\"sameAs\":[\"https:\/\/www.facebook.com\/Terminotix\",\"https:\/\/x.com\/terminotix\",\"https:\/\/www.youtube.com\/user\/Terminotix\",\"https:\/\/ca.linkedin.com\/company\/terminotix\"]}]}<\/script>\r\n<!-- \/ Yoast SEO plugin. -->","yoast_head_json":{"title":"D\u00e9pouillement terminologique bilingue","description":"SynchroTerm acc\u00e9l\u00e8re le d\u00e9pouillement terminologique bilingue et la cr\u00e9ation de fiches. Extraction automatique de termes, \u00e9quivalents et contextes depuis plus de 100 formats.","robots":{"index":"index","follow":"follow","max-snippet":"max-snippet:-1","max-image-preview":"max-image-preview:large","max-video-preview":"max-video-preview:-1"},"canonical":"https:\/\/terminotix.com\/en\/extraction-des-termes\/","og_locale":"en_US","og_type":"article","og_title":"D\u00e9pouillement terminologique bilingue","og_description":"SynchroTerm acc\u00e9l\u00e8re le d\u00e9pouillement terminologique bilingue et la cr\u00e9ation de fiches. Extraction automatique de termes, \u00e9quivalents et contextes depuis plus de 100 formats.","og_url":"https:\/\/terminotix.com\/en\/extraction-des-termes\/","og_site_name":"Terminotix Inc.","article_publisher":"https:\/\/www.facebook.com\/Terminotix","article_modified_time":"2026-03-30T14:15:50+00:00","og_image":[{"url":"https:\/\/terminotix.com\/wp-content\/uploads\/2025\/03\/yellow_gears_grad-scaled.png","type":"","width":"","height":""}],"twitter_card":"summary_large_image","twitter_site":"@terminotix","twitter_misc":{"Est. reading time":"1 minute"},"schema":{"@context":"https:\/\/schema.org","@graph":[{"@type":"WebPage","@id":"https:\/\/terminotix.com\/extraction-des-termes\/","url":"https:\/\/terminotix.com\/extraction-des-termes\/","name":"D\u00e9pouillement terminologique bilingue","isPartOf":{"@id":"https:\/\/terminotix.com\/#website"},"primaryImageOfPage":{"@id":"https:\/\/terminotix.com\/extraction-des-termes\/#primaryimage"},"image":{"@id":"https:\/\/terminotix.com\/extraction-des-termes\/#primaryimage"},"thumbnailUrl":"https:\/\/terminotix.com\/wp-content\/uploads\/2025\/03\/yellow_gears_grad-scaled.png","datePublished":"2025-03-28T16:07:49+00:00","dateModified":"2026-03-30T14:15:50+00:00","description":"SynchroTerm acc\u00e9l\u00e8re le d\u00e9pouillement terminologique bilingue et la cr\u00e9ation de fiches. Extraction automatique de termes, \u00e9quivalents et contextes depuis plus de 100 formats.","breadcrumb":{"@id":"https:\/\/terminotix.com\/extraction-des-termes\/#breadcrumb"},"inLanguage":"en-CA","potentialAction":[{"@type":"ReadAction","target":["https:\/\/terminotix.com\/extraction-des-termes\/"]}]},{"@type":"ImageObject","inLanguage":"en-CA","@id":"https:\/\/terminotix.com\/extraction-des-termes\/#primaryimage","url":"https:\/\/terminotix.com\/wp-content\/uploads\/2025\/03\/yellow_gears_grad-scaled.png","contentUrl":"https:\/\/terminotix.com\/wp-content\/uploads\/2025\/03\/yellow_gears_grad-scaled.png"},{"@type":"BreadcrumbList","@id":"https:\/\/terminotix.com\/extraction-des-termes\/#breadcrumb","itemListElement":[{"@type":"ListItem","position":1,"name":"Accueil","item":"https:\/\/terminotix.com\/"},{"@type":"ListItem","position":2,"name":"D\u00e9pouillement terminologique"}]},{"@type":"WebSite","@id":"https:\/\/terminotix.com\/#website","url":"https:\/\/terminotix.com\/","name":"Terminotix","description":"Terminotix is a software company with a mission to help language service departments and translation providers improve productivity by automating and enhancing their translation processes.","publisher":{"@id":"https:\/\/terminotix.com\/#organization"},"potentialAction":[{"@type":"SearchAction","target":{"@type":"EntryPoint","urlTemplate":"https:\/\/terminotix.com\/?s={search_term_string}"},"query-input":{"@type":"PropertyValueSpecification","valueRequired":true,"valueName":"search_term_string"}}],"inLanguage":"en-CA"},{"@type":"Organization","@id":"https:\/\/terminotix.com\/#organization","name":"Terminotix Inc.","url":"https:\/\/terminotix.com\/","logo":{"@type":"ImageObject","inLanguage":"en-CA","@id":"https:\/\/terminotix.com\/#\/schema\/logo\/image\/","url":"https:\/\/terminotix.com\/wp-content\/uploads\/2025\/05\/app_logo.png","contentUrl":"https:\/\/terminotix.com\/wp-content\/uploads\/2025\/05\/app_logo.png","width":87,"height":87,"caption":"Terminotix Inc."},"image":{"@id":"https:\/\/terminotix.com\/#\/schema\/logo\/image\/"},"sameAs":["https:\/\/www.facebook.com\/Terminotix","https:\/\/x.com\/terminotix","https:\/\/www.youtube.com\/user\/Terminotix","https:\/\/ca.linkedin.com\/company\/terminotix"]}]}},"_links":{"self":[{"href":"https:\/\/terminotix.com\/en\/wp-json\/wp\/v2\/pages\/119","targetHints":{"allow":["GET"]}}],"collection":[{"href":"https:\/\/terminotix.com\/en\/wp-json\/wp\/v2\/pages"}],"about":[{"href":"https:\/\/terminotix.com\/en\/wp-json\/wp\/v2\/types\/page"}],"author":[{"embeddable":true,"href":"https:\/\/terminotix.com\/en\/wp-json\/wp\/v2\/users\/2"}],"replies":[{"embeddable":true,"href":"https:\/\/terminotix.com\/en\/wp-json\/wp\/v2\/comments?post=119"}],"version-history":[{"count":47,"href":"https:\/\/terminotix.com\/en\/wp-json\/wp\/v2\/pages\/119\/revisions"}],"predecessor-version":[{"id":5822,"href":"https:\/\/terminotix.com\/en\/wp-json\/wp\/v2\/pages\/119\/revisions\/5822"}],"wp:attachment":[{"href":"https:\/\/terminotix.com\/en\/wp-json\/wp\/v2\/media?parent=119"}],"curies":[{"name":"wp","href":"https:\/\/api.w.org\/{rel}","templated":true}]}}