{"id":134,"date":"2025-03-28T12:07:57","date_gmt":"2025-03-28T16:07:57","guid":{"rendered":"http:\/\/txsiteweb.terminotix.local\/index.php\/condition\/"},"modified":"2026-01-15T10:02:27","modified_gmt":"2026-01-15T15:02:27","slug":"condition","status":"publish","type":"page","link":"https:\/\/terminotix.com\/en\/condition\/","title":{"rendered":"Terms &amp; Conditions"},"content":{"rendered":"<div data-elementor-type=\"wp-page\" data-elementor-id=\"134\" class=\"elementor elementor-134\" data-elementor-post-type=\"page\">\n\t\t\t\t<div class=\"elementor-element elementor-element-525d3448 e-con-full e-flex e-con e-parent\" data-id=\"525d3448\" data-element_type=\"container\" data-e-type=\"container\">\n\t\t\t\t<div class=\"elementor-element elementor-element-79e89e80 elementor-widget elementor-widget-image\" data-id=\"79e89e80\" data-element_type=\"widget\" data-e-type=\"widget\" data-widget_type=\"image.default\">\n\t\t\t\t<div class=\"elementor-widget-container\">\n\t\t\t\t\t\t\t\t\t\t\t\t\t\t\t<img fetchpriority=\"high\" decoding=\"async\" width=\"2560\" height=\"583\" src=\"https:\/\/terminotix.com\/wp-content\/uploads\/2025\/10\/multi_gears_grad-scaled-min.png\" class=\"attachment-full size-full wp-image-3531\" alt=\"Background image multi-gears\" srcset=\"https:\/\/terminotix.com\/wp-content\/uploads\/2025\/10\/multi_gears_grad-scaled-min.png 2560w, https:\/\/terminotix.com\/wp-content\/uploads\/2025\/10\/multi_gears_grad-scaled-min-300x68.png 300w, https:\/\/terminotix.com\/wp-content\/uploads\/2025\/10\/multi_gears_grad-scaled-min-1024x233.png 1024w, https:\/\/terminotix.com\/wp-content\/uploads\/2025\/10\/multi_gears_grad-scaled-min-768x175.png 768w, https:\/\/terminotix.com\/wp-content\/uploads\/2025\/10\/multi_gears_grad-scaled-min-1536x350.png 1536w, https:\/\/terminotix.com\/wp-content\/uploads\/2025\/10\/multi_gears_grad-scaled-min-2048x466.png 2048w, https:\/\/terminotix.com\/wp-content\/uploads\/2025\/10\/multi_gears_grad-scaled-min-18x4.png 18w, https:\/\/terminotix.com\/wp-content\/uploads\/2025\/10\/multi_gears_grad-scaled-min-600x137.png 600w\" sizes=\"(max-width: 2560px) 100vw, 2560px\" \/>\t\t\t\t\t\t\t\t\t\t\t\t\t\t\t<\/div>\n\t\t\t\t<\/div>\n\t\t\t\t<\/div>\n\t\t<div class=\"elementor-element elementor-element-f38a899 e-flex e-con-boxed e-con e-parent\" data-id=\"f38a899\" data-element_type=\"container\" data-e-type=\"container\">\n\t\t\t\t\t<div class=\"e-con-inner\">\n\t\t\t\t<div class=\"elementor-element elementor-element-22e2509d elementor-widget elementor-widget-heading\" data-id=\"22e2509d\" data-element_type=\"widget\" data-e-type=\"widget\" data-widget_type=\"heading.default\">\n\t\t\t\t<div class=\"elementor-widget-container\">\n\t\t\t\t\t<h2 class=\"elementor-heading-title elementor-size-default\">Terms &amp; Conditions<\/h2>\t\t\t\t<\/div>\n\t\t\t\t<\/div>\n\t\t\t\t\t<\/div>\n\t\t\t\t<\/div>\n\t\t<div class=\"elementor-element elementor-element-272e5d27 e-flex e-con-boxed e-con e-parent\" data-id=\"272e5d27\" data-element_type=\"container\" data-e-type=\"container\">\n\t\t\t\t\t<div class=\"e-con-inner\">\n\t\t<div class=\"elementor-element elementor-element-43ccf3d4 e-con-full e-flex e-con e-child\" data-id=\"43ccf3d4\" data-element_type=\"container\" data-e-type=\"container\">\n\t\t\t\t<div class=\"elementor-element elementor-element-1254b66e elementor-widget elementor-widget-heading\" data-id=\"1254b66e\" data-element_type=\"widget\" data-e-type=\"widget\" data-widget_type=\"heading.default\">\n\t\t\t\t<div class=\"elementor-widget-container\">\n\t\t\t\t\t<h2 class=\"elementor-heading-title elementor-size-default\">Pricing and currency<\/h2>\t\t\t\t<\/div>\n\t\t\t\t<\/div>\n\t\t\t\t<div class=\"elementor-element elementor-element-657cd0cf elementor-widget elementor-widget-text-editor\" data-id=\"657cd0cf\" data-element_type=\"widget\" data-e-type=\"widget\" data-widget_type=\"text-editor.default\">\n\t\t\t\t<div class=\"elementor-widget-container\">\n\t\t\t\t\t\t\t\t\t<p>All prices listed are in Canadian dollars. For non-Canadian residents, your exchange rate will be determined by your credit card company. Charges on your bill will be in your own home currency. If you are interested in how your currency converts to the Canadian Dollar, go to www.mataf.net.<\/p>\t\t\t\t\t\t\t\t<\/div>\n\t\t\t\t<\/div>\n\t\t\t\t<\/div>\n\t\t\t\t\t<\/div>\n\t\t\t\t<\/div>\n\t\t<div class=\"elementor-element elementor-element-5d51dcfe e-flex e-con-boxed e-con e-parent\" data-id=\"5d51dcfe\" data-element_type=\"container\" data-e-type=\"container\">\n\t\t\t\t\t<div class=\"e-con-inner\">\n\t\t<div class=\"elementor-element elementor-element-9921154 e-con-full e-flex e-con e-child\" data-id=\"9921154\" data-element_type=\"container\" data-e-type=\"container\">\n\t\t\t\t<div class=\"elementor-element elementor-element-5058ed2e elementor-widget elementor-widget-heading\" data-id=\"5058ed2e\" data-element_type=\"widget\" data-e-type=\"widget\" data-widget_type=\"heading.default\">\n\t\t\t\t<div class=\"elementor-widget-container\">\n\t\t\t\t\t<h2 class=\"elementor-heading-title elementor-size-default\">Taxes charged<\/h2>\t\t\t\t<\/div>\n\t\t\t\t<\/div>\n\t\t\t\t<div class=\"elementor-element elementor-element-7a36dbb2 elementor-widget elementor-widget-text-editor\" data-id=\"7a36dbb2\" data-element_type=\"widget\" data-e-type=\"widget\" data-widget_type=\"text-editor.default\">\n\t\t\t\t<div class=\"elementor-widget-container\">\n\t\t\t\t\t\t\t\t\t<p>Canadian Orders: Terminotix Inc. charges GST (5%) on all Canadian Orders. For orders within Qu\u00e9bec, Terminotix Inc. will also charge QST (9.975%).<\/p><p>Please note: If you are ordering from one province and the billing address is in another province, we will charge the taxes that apply in the province of billing.<\/p><p>International Orders: All international orders are non-taxable.<\/p>\t\t\t\t\t\t\t\t<\/div>\n\t\t\t\t<\/div>\n\t\t\t\t<\/div>\n\t\t\t\t\t<\/div>\n\t\t\t\t<\/div>\n\t\t\t\t<\/div>","protected":false},"excerpt":{"rendered":"<p>Conditions Prix et devise Tous les prix affich\u00e9s sont en dollars canadiens. Pour les r\u00e9sidents non canadiens, le taux de change est \u00e9tabli par le fournisseur de la carte de cr\u00e9dit. Les transactions sont effectu\u00e9es dans la devise du pays du client. Si vous voulez conna\u00eetre le taux de change en dollars canadiens, consultez le [&hellip;]<\/p>","protected":false},"author":2,"featured_media":0,"parent":0,"menu_order":0,"comment_status":"closed","ping_status":"closed","template":"","meta":{"footnotes":""},"class_list":["post-134","page","type-page","status-publish","hentry"],"yoast_head":"<!-- This site is optimized with the Yoast SEO plugin v26.9 - https:\/\/yoast.com\/product\/yoast-seo-wordpress\/ -->\r\n<title>Terms &amp; Conditions<\/title>\r\n<meta name=\"robots\" content=\"index, follow, max-snippet:-1, max-image-preview:large, max-video-preview:-1\" \/>\r\n<link rel=\"canonical\" href=\"https:\/\/terminotix.com\/en\/condition\/\" \/>\r\n<meta property=\"og:locale\" content=\"en_US\" \/>\r\n<meta property=\"og:type\" content=\"article\" \/>\r\n<meta property=\"og:title\" content=\"Conditions\" \/>\r\n<meta property=\"og:description\" content=\"Conditions Prix et devise Tous les prix affich\u00e9s sont en dollars canadiens. Pour les r\u00e9sidents non canadiens, le taux de change est \u00e9tabli par le fournisseur de la carte de cr\u00e9dit. Les transactions sont effectu\u00e9es dans la devise du pays du client. Si vous voulez conna\u00eetre le taux de change en dollars canadiens, consultez le [&hellip;]\" \/>\r\n<meta property=\"og:url\" content=\"https:\/\/terminotix.com\/en\/condition\/\" \/>\r\n<meta property=\"og:site_name\" content=\"Terminotix Inc.\" \/>\r\n<meta property=\"article:publisher\" content=\"https:\/\/www.facebook.com\/Terminotix\" \/>\r\n<meta property=\"article:modified_time\" content=\"2026-01-15T15:02:27+00:00\" \/>\r\n<meta property=\"og:image\" content=\"https:\/\/terminotix.com\/wp-content\/uploads\/2025\/10\/multi_gears_grad-scaled-min.png\" \/>\r\n<meta name=\"twitter:card\" content=\"summary_large_image\" \/>\r\n<meta name=\"twitter:site\" content=\"@terminotix\" \/>\r\n<meta name=\"twitter:label1\" content=\"Est. reading time\" \/>\n\t<meta name=\"twitter:data1\" content=\"1 minute\" \/>\r\n<script type=\"application\/ld+json\" class=\"yoast-schema-graph\">{\"@context\":\"https:\/\/schema.org\",\"@graph\":[{\"@type\":\"WebPage\",\"@id\":\"https:\/\/terminotix.com\/condition\/\",\"url\":\"https:\/\/terminotix.com\/condition\/\",\"name\":\"Conditions\",\"isPartOf\":{\"@id\":\"https:\/\/terminotix.com\/#website\"},\"primaryImageOfPage\":{\"@id\":\"https:\/\/terminotix.com\/condition\/#primaryimage\"},\"image\":{\"@id\":\"https:\/\/terminotix.com\/condition\/#primaryimage\"},\"thumbnailUrl\":\"https:\/\/terminotix.com\/wp-content\/uploads\/2025\/10\/multi_gears_grad-scaled-min.png\",\"datePublished\":\"2025-03-28T16:07:57+00:00\",\"dateModified\":\"2026-01-15T15:02:27+00:00\",\"breadcrumb\":{\"@id\":\"https:\/\/terminotix.com\/condition\/#breadcrumb\"},\"inLanguage\":\"en-CA\",\"potentialAction\":[{\"@type\":\"ReadAction\",\"target\":[\"https:\/\/terminotix.com\/condition\/\"]}]},{\"@type\":\"ImageObject\",\"inLanguage\":\"en-CA\",\"@id\":\"https:\/\/terminotix.com\/condition\/#primaryimage\",\"url\":\"https:\/\/terminotix.com\/wp-content\/uploads\/2025\/10\/multi_gears_grad-scaled-min.png\",\"contentUrl\":\"https:\/\/terminotix.com\/wp-content\/uploads\/2025\/10\/multi_gears_grad-scaled-min.png\"},{\"@type\":\"BreadcrumbList\",\"@id\":\"https:\/\/terminotix.com\/condition\/#breadcrumb\",\"itemListElement\":[{\"@type\":\"ListItem\",\"position\":1,\"name\":\"Accueil\",\"item\":\"https:\/\/terminotix.com\/\"},{\"@type\":\"ListItem\",\"position\":2,\"name\":\"Conditions\"}]},{\"@type\":\"WebSite\",\"@id\":\"https:\/\/terminotix.com\/#website\",\"url\":\"https:\/\/terminotix.com\/\",\"name\":\"Terminotix\",\"description\":\"Terminotix est une compagnie de d\u00e9veloppement de logiciel dont la mission est d\u2019aider les services linguistiques et les fournisseurs de services de traduction \u00e0 accro\u00eetre leur productivit\u00e9 en automatisant et en am\u00e9liorant leurs processus de traduction.\",\"publisher\":{\"@id\":\"https:\/\/terminotix.com\/#organization\"},\"potentialAction\":[{\"@type\":\"SearchAction\",\"target\":{\"@type\":\"EntryPoint\",\"urlTemplate\":\"https:\/\/terminotix.com\/?s={search_term_string}\"},\"query-input\":{\"@type\":\"PropertyValueSpecification\",\"valueRequired\":true,\"valueName\":\"search_term_string\"}}],\"inLanguage\":\"en-CA\"},{\"@type\":\"Organization\",\"@id\":\"https:\/\/terminotix.com\/#organization\",\"name\":\"Terminotix Inc.\",\"url\":\"https:\/\/terminotix.com\/\",\"logo\":{\"@type\":\"ImageObject\",\"inLanguage\":\"en-CA\",\"@id\":\"https:\/\/terminotix.com\/#\/schema\/logo\/image\/\",\"url\":\"https:\/\/terminotix.com\/wp-content\/uploads\/2025\/05\/app_logo.png\",\"contentUrl\":\"https:\/\/terminotix.com\/wp-content\/uploads\/2025\/05\/app_logo.png\",\"width\":87,\"height\":87,\"caption\":\"Terminotix Inc.\"},\"image\":{\"@id\":\"https:\/\/terminotix.com\/#\/schema\/logo\/image\/\"},\"sameAs\":[\"https:\/\/www.facebook.com\/Terminotix\",\"https:\/\/x.com\/terminotix\",\"https:\/\/www.youtube.com\/user\/Terminotix\",\"https:\/\/ca.linkedin.com\/company\/terminotix\"]}]}<\/script>\r\n<!-- \/ Yoast SEO plugin. -->","yoast_head_json":{"title":"Terms &amp; Conditions","robots":{"index":"index","follow":"follow","max-snippet":"max-snippet:-1","max-image-preview":"max-image-preview:large","max-video-preview":"max-video-preview:-1"},"canonical":"https:\/\/terminotix.com\/en\/condition\/","og_locale":"en_US","og_type":"article","og_title":"Conditions","og_description":"Conditions Prix et devise Tous les prix affich\u00e9s sont en dollars canadiens. Pour les r\u00e9sidents non canadiens, le taux de change est \u00e9tabli par le fournisseur de la carte de cr\u00e9dit. Les transactions sont effectu\u00e9es dans la devise du pays du client. Si vous voulez conna\u00eetre le taux de change en dollars canadiens, consultez le [&hellip;]","og_url":"https:\/\/terminotix.com\/en\/condition\/","og_site_name":"Terminotix Inc.","article_publisher":"https:\/\/www.facebook.com\/Terminotix","article_modified_time":"2026-01-15T15:02:27+00:00","og_image":[{"url":"https:\/\/terminotix.com\/wp-content\/uploads\/2025\/10\/multi_gears_grad-scaled-min.png","type":"","width":"","height":""}],"twitter_card":"summary_large_image","twitter_site":"@terminotix","twitter_misc":{"Est. reading time":"1 minute"},"schema":{"@context":"https:\/\/schema.org","@graph":[{"@type":"WebPage","@id":"https:\/\/terminotix.com\/condition\/","url":"https:\/\/terminotix.com\/condition\/","name":"Terms &amp; Conditions","isPartOf":{"@id":"https:\/\/terminotix.com\/#website"},"primaryImageOfPage":{"@id":"https:\/\/terminotix.com\/condition\/#primaryimage"},"image":{"@id":"https:\/\/terminotix.com\/condition\/#primaryimage"},"thumbnailUrl":"https:\/\/terminotix.com\/wp-content\/uploads\/2025\/10\/multi_gears_grad-scaled-min.png","datePublished":"2025-03-28T16:07:57+00:00","dateModified":"2026-01-15T15:02:27+00:00","breadcrumb":{"@id":"https:\/\/terminotix.com\/condition\/#breadcrumb"},"inLanguage":"en-CA","potentialAction":[{"@type":"ReadAction","target":["https:\/\/terminotix.com\/condition\/"]}]},{"@type":"ImageObject","inLanguage":"en-CA","@id":"https:\/\/terminotix.com\/condition\/#primaryimage","url":"https:\/\/terminotix.com\/wp-content\/uploads\/2025\/10\/multi_gears_grad-scaled-min.png","contentUrl":"https:\/\/terminotix.com\/wp-content\/uploads\/2025\/10\/multi_gears_grad-scaled-min.png"},{"@type":"BreadcrumbList","@id":"https:\/\/terminotix.com\/condition\/#breadcrumb","itemListElement":[{"@type":"ListItem","position":1,"name":"Accueil","item":"https:\/\/terminotix.com\/"},{"@type":"ListItem","position":2,"name":"Conditions"}]},{"@type":"WebSite","@id":"https:\/\/terminotix.com\/#website","url":"https:\/\/terminotix.com\/","name":"Terminotix","description":"Terminotix is a software company with a mission to help language service departments and translation providers improve productivity by automating and enhancing their translation processes.","publisher":{"@id":"https:\/\/terminotix.com\/#organization"},"potentialAction":[{"@type":"SearchAction","target":{"@type":"EntryPoint","urlTemplate":"https:\/\/terminotix.com\/?s={search_term_string}"},"query-input":{"@type":"PropertyValueSpecification","valueRequired":true,"valueName":"search_term_string"}}],"inLanguage":"en-CA"},{"@type":"Organization","@id":"https:\/\/terminotix.com\/#organization","name":"Terminotix Inc.","url":"https:\/\/terminotix.com\/","logo":{"@type":"ImageObject","inLanguage":"en-CA","@id":"https:\/\/terminotix.com\/#\/schema\/logo\/image\/","url":"https:\/\/terminotix.com\/wp-content\/uploads\/2025\/05\/app_logo.png","contentUrl":"https:\/\/terminotix.com\/wp-content\/uploads\/2025\/05\/app_logo.png","width":87,"height":87,"caption":"Terminotix Inc."},"image":{"@id":"https:\/\/terminotix.com\/#\/schema\/logo\/image\/"},"sameAs":["https:\/\/www.facebook.com\/Terminotix","https:\/\/x.com\/terminotix","https:\/\/www.youtube.com\/user\/Terminotix","https:\/\/ca.linkedin.com\/company\/terminotix"]}]}},"_links":{"self":[{"href":"https:\/\/terminotix.com\/en\/wp-json\/wp\/v2\/pages\/134","targetHints":{"allow":["GET"]}}],"collection":[{"href":"https:\/\/terminotix.com\/en\/wp-json\/wp\/v2\/pages"}],"about":[{"href":"https:\/\/terminotix.com\/en\/wp-json\/wp\/v2\/types\/page"}],"author":[{"embeddable":true,"href":"https:\/\/terminotix.com\/en\/wp-json\/wp\/v2\/users\/2"}],"replies":[{"embeddable":true,"href":"https:\/\/terminotix.com\/en\/wp-json\/wp\/v2\/comments?post=134"}],"version-history":[{"count":21,"href":"https:\/\/terminotix.com\/en\/wp-json\/wp\/v2\/pages\/134\/revisions"}],"predecessor-version":[{"id":6456,"href":"https:\/\/terminotix.com\/en\/wp-json\/wp\/v2\/pages\/134\/revisions\/6456"}],"wp:attachment":[{"href":"https:\/\/terminotix.com\/en\/wp-json\/wp\/v2\/media?parent=134"}],"curies":[{"name":"wp","href":"https:\/\/api.w.org\/{rel}","templated":true}]}}