{"id":29,"date":"2025-03-28T12:06:59","date_gmt":"2025-03-28T16:06:59","guid":{"rendered":"http:\/\/txsiteweb.terminotix.local\/index.php\/confidentialite\/"},"modified":"2026-01-15T10:10:20","modified_gmt":"2026-01-15T15:10:20","slug":"confidentialite","status":"publish","type":"page","link":"https:\/\/terminotix.com\/en\/confidentialite\/","title":{"rendered":"Privacy Policy"},"content":{"rendered":"<div data-elementor-type=\"wp-page\" data-elementor-id=\"29\" class=\"elementor elementor-29\" data-elementor-post-type=\"page\">\n\t\t\t\t<div class=\"elementor-element elementor-element-140a1b82 e-con-full e-flex e-con e-parent\" data-id=\"140a1b82\" data-element_type=\"container\" data-e-type=\"container\">\n\t\t\t\t<div class=\"elementor-element elementor-element-3b1b9a8a elementor-widget elementor-widget-image\" data-id=\"3b1b9a8a\" data-element_type=\"widget\" data-e-type=\"widget\" data-widget_type=\"image.default\">\n\t\t\t\t<div class=\"elementor-widget-container\">\n\t\t\t\t\t\t\t\t\t\t\t\t\t\t\t<img fetchpriority=\"high\" decoding=\"async\" width=\"2560\" height=\"583\" src=\"https:\/\/terminotix.com\/wp-content\/uploads\/2025\/10\/multi_gears_grad-scaled-min.png\" class=\"attachment-full size-full wp-image-3531\" alt=\"Background image multi-gears\" srcset=\"https:\/\/terminotix.com\/wp-content\/uploads\/2025\/10\/multi_gears_grad-scaled-min.png 2560w, https:\/\/terminotix.com\/wp-content\/uploads\/2025\/10\/multi_gears_grad-scaled-min-300x68.png 300w, https:\/\/terminotix.com\/wp-content\/uploads\/2025\/10\/multi_gears_grad-scaled-min-1024x233.png 1024w, https:\/\/terminotix.com\/wp-content\/uploads\/2025\/10\/multi_gears_grad-scaled-min-768x175.png 768w, https:\/\/terminotix.com\/wp-content\/uploads\/2025\/10\/multi_gears_grad-scaled-min-1536x350.png 1536w, https:\/\/terminotix.com\/wp-content\/uploads\/2025\/10\/multi_gears_grad-scaled-min-2048x466.png 2048w, https:\/\/terminotix.com\/wp-content\/uploads\/2025\/10\/multi_gears_grad-scaled-min-18x4.png 18w, https:\/\/terminotix.com\/wp-content\/uploads\/2025\/10\/multi_gears_grad-scaled-min-600x137.png 600w\" sizes=\"(max-width: 2560px) 100vw, 2560px\" \/>\t\t\t\t\t\t\t\t\t\t\t\t\t\t\t<\/div>\n\t\t\t\t<\/div>\n\t\t\t\t<\/div>\n\t\t<div class=\"elementor-element elementor-element-6d94b332 e-flex e-con-boxed e-con e-parent\" data-id=\"6d94b332\" data-element_type=\"container\" data-e-type=\"container\">\n\t\t\t\t\t<div class=\"e-con-inner\">\n\t\t\t\t<div class=\"elementor-element elementor-element-50d2833c elementor-widget elementor-widget-heading\" data-id=\"50d2833c\" data-element_type=\"widget\" data-e-type=\"widget\" data-widget_type=\"heading.default\">\n\t\t\t\t<div class=\"elementor-widget-container\">\n\t\t\t\t\t<h2 class=\"elementor-heading-title elementor-size-default\">Privacy Policy<\/h2>\t\t\t\t<\/div>\n\t\t\t\t<\/div>\n\t\t\t\t<div class=\"elementor-element elementor-element-4c5e1bb9 elementor-widget elementor-widget-text-editor\" data-id=\"4c5e1bb9\" data-element_type=\"widget\" data-e-type=\"widget\" data-widget_type=\"text-editor.default\">\n\t\t\t\t<div class=\"elementor-widget-container\">\n\t\t\t\t\t\t\t\t\t<p>Our commitment to your privacy<\/p>\t\t\t\t\t\t\t\t<\/div>\n\t\t\t\t<\/div>\n\t\t\t\t\t<\/div>\n\t\t\t\t<\/div>\n\t\t<div class=\"elementor-element elementor-element-695116f1 e-flex e-con-boxed e-con e-parent\" data-id=\"695116f1\" data-element_type=\"container\" data-e-type=\"container\">\n\t\t\t\t\t<div class=\"e-con-inner\">\n\t\t<div class=\"elementor-element elementor-element-14b395d0 e-con-full e-flex e-con e-child\" data-id=\"14b395d0\" data-element_type=\"container\" data-e-type=\"container\">\n\t\t\t\t<div class=\"elementor-element elementor-element-7da520db elementor-widget elementor-widget-heading\" data-id=\"7da520db\" data-element_type=\"widget\" data-e-type=\"widget\" data-widget_type=\"heading.default\">\n\t\t\t\t<div class=\"elementor-widget-container\">\n\t\t\t\t\t<h2 class=\"elementor-heading-title elementor-size-default\">Privacy policy<\/h2>\t\t\t\t<\/div>\n\t\t\t\t<\/div>\n\t\t\t\t<div class=\"elementor-element elementor-element-7caafa16 elementor-widget elementor-widget-text-editor\" data-id=\"7caafa16\" data-element_type=\"widget\" data-e-type=\"widget\" data-widget_type=\"text-editor.default\">\n\t\t\t\t<div class=\"elementor-widget-container\">\n\t\t\t\t\t\t\t\t\t<p>This site is owned and operated by Terminotix Inc. Your privacy on the Internet is of the utmost importance to us. At Terminotix Inc, we want to make your experience online satisfying and safe.<\/p><p>Because we gather certain types of information about our users, we feel you should fully understand our policy and the terms and conditions surrounding the capture and use of that information. This Privacy Policy discloses what information we gather and how we use it.<\/p>\t\t\t\t\t\t\t\t<\/div>\n\t\t\t\t<\/div>\n\t\t\t\t<\/div>\n\t\t\t\t\t<\/div>\n\t\t\t\t<\/div>\n\t\t<div class=\"elementor-element elementor-element-27790794 e-flex e-con-boxed e-con e-parent\" data-id=\"27790794\" data-element_type=\"container\" data-e-type=\"container\">\n\t\t\t\t\t<div class=\"e-con-inner\">\n\t\t<div class=\"elementor-element elementor-element-49d38932 e-con-full e-flex e-con e-child\" data-id=\"49d38932\" data-element_type=\"container\" data-e-type=\"container\">\n\t\t\t\t<div class=\"elementor-element elementor-element-1fc65234 elementor-widget elementor-widget-heading\" data-id=\"1fc65234\" data-element_type=\"widget\" data-e-type=\"widget\" data-widget_type=\"heading.default\">\n\t\t\t\t<div class=\"elementor-widget-container\">\n\t\t\t\t\t<h2 class=\"elementor-heading-title elementor-size-default\">Information that Terminotix Inc. gathers and tracks<\/h2>\t\t\t\t<\/div>\n\t\t\t\t<\/div>\n\t\t\t\t<div class=\"elementor-element elementor-element-42d0cbe elementor-widget elementor-widget-text-editor\" data-id=\"42d0cbe\" data-element_type=\"widget\" data-e-type=\"widget\" data-widget_type=\"text-editor.default\">\n\t\t\t\t<div class=\"elementor-widget-container\">\n\t\t\t\t\t\t\t\t\t<p>Terminotix Inc. gathers two types of information about users:<\/p><ul><li>Information that users provide through optional, voluntary submissions to receive our electronic newsletters.<\/li><li>Information Terminotix Inc. gathers that is provided by the end user, such as name, title, organization, address, telephone and fax numbers and email address. Under no circumstances does Terminotix Inc. divulge any information about an individual user to a third party.<\/li><\/ul>\t\t\t\t\t\t\t\t<\/div>\n\t\t\t\t<\/div>\n\t\t\t\t<\/div>\n\t\t\t\t\t<\/div>\n\t\t\t\t<\/div>\n\t\t<div class=\"elementor-element elementor-element-50108ab6 e-flex e-con-boxed e-con e-parent\" data-id=\"50108ab6\" data-element_type=\"container\" data-e-type=\"container\">\n\t\t\t\t\t<div class=\"e-con-inner\">\n\t\t<div class=\"elementor-element elementor-element-61db55 e-con-full e-flex e-con e-child\" data-id=\"61db55\" data-element_type=\"container\" data-e-type=\"container\">\n\t\t\t\t<div class=\"elementor-element elementor-element-4998040f elementor-widget elementor-widget-heading\" data-id=\"4998040f\" data-element_type=\"widget\" data-e-type=\"widget\" data-widget_type=\"heading.default\">\n\t\t\t\t<div class=\"elementor-widget-container\">\n\t\t\t\t\t<h2 class=\"elementor-heading-title elementor-size-default\">Privacy policy<\/h2>\t\t\t\t<\/div>\n\t\t\t\t<\/div>\n\t\t\t\t<div class=\"elementor-element elementor-element-161a67d7 elementor-widget elementor-widget-heading\" data-id=\"161a67d7\" data-element_type=\"widget\" data-e-type=\"widget\" data-widget_type=\"heading.default\">\n\t\t\t\t<div class=\"elementor-widget-container\">\n\t\t\t\t\t<h5 class=\"elementor-heading-title elementor-size-default\">Optional voluntary information<\/h5>\t\t\t\t<\/div>\n\t\t\t\t<\/div>\n\t\t\t\t<div class=\"elementor-element elementor-element-6a9d4d1f elementor-widget elementor-widget-text-editor\" data-id=\"6a9d4d1f\" data-element_type=\"widget\" data-e-type=\"widget\" data-widget_type=\"text-editor.default\">\n\t\t\t\t<div class=\"elementor-widget-container\">\n\t\t\t\t\t\t\t\t\t<p>Electronic newsletters policy (Dispatches). We will offer a free electronic newsletter to users. Terminotix Inc. gathers the email addresses of users who voluntarily subscribe. Users may remove themselves from this mailing list by following the link provided in every newsletter that points users to the subscription management page. Users can also subscribe to the newsletters at the time of registration.<\/p>\t\t\t\t\t\t\t\t<\/div>\n\t\t\t\t<\/div>\n\t\t\t\t<\/div>\n\t\t\t\t\t<\/div>\n\t\t\t\t<\/div>\n\t\t<div class=\"elementor-element elementor-element-1d5410f8 e-flex e-con-boxed e-con e-parent\" data-id=\"1d5410f8\" data-element_type=\"container\" data-e-type=\"container\">\n\t\t\t\t\t<div class=\"e-con-inner\">\n\t\t<div class=\"elementor-element elementor-element-7a83e262 e-con-full e-flex e-con e-child\" data-id=\"7a83e262\" data-element_type=\"container\" data-e-type=\"container\">\n\t\t\t\t<div class=\"elementor-element elementor-element-75d7339e elementor-widget elementor-widget-heading\" data-id=\"75d7339e\" data-element_type=\"widget\" data-e-type=\"widget\" data-widget_type=\"heading.default\">\n\t\t\t\t<div class=\"elementor-widget-container\">\n\t\t\t\t\t<h2 class=\"elementor-heading-title elementor-size-default\">Use Of information<\/h2>\t\t\t\t<\/div>\n\t\t\t\t<\/div>\n\t\t\t\t<div class=\"elementor-element elementor-element-4f835a60 elementor-widget elementor-widget-text-editor\" data-id=\"4f835a60\" data-element_type=\"widget\" data-e-type=\"widget\" data-widget_type=\"text-editor.default\">\n\t\t\t\t<div class=\"elementor-widget-container\">\n\t\t\t\t\t\t\t\t\t<p>Terminotix Inc. uses any information voluntarily given by our users to enhance their experience in our network of sites, whether to provide interactive or personalized elements on the sites or to better prepare future content based on the interests of our users.<\/p><p>As stated above, we use information that users voluntarily provide in order to send out electronic newsletters. We send out newsletters to subscribers on a regular schedule (depending on the newsletter), and occasionally send out special editions when we think subscribers might be particularly interested in something we are doing. Terminotix Inc. never shares newsletter mailing lists with any third parties, including advertisers, sponsors or partners.<\/p>\t\t\t\t\t\t\t\t<\/div>\n\t\t\t\t<\/div>\n\t\t\t\t<\/div>\n\t\t\t\t\t<\/div>\n\t\t\t\t<\/div>\n\t\t<div class=\"elementor-element elementor-element-45706f16 e-flex e-con-boxed e-con e-parent\" data-id=\"45706f16\" data-element_type=\"container\" data-e-type=\"container\">\n\t\t\t\t\t<div class=\"e-con-inner\">\n\t\t<div class=\"elementor-element elementor-element-22118252 e-con-full e-flex e-con e-child\" data-id=\"22118252\" data-element_type=\"container\" data-e-type=\"container\">\n\t\t\t\t<div class=\"elementor-element elementor-element-5ed2f0f4 elementor-widget elementor-widget-heading\" data-id=\"5ed2f0f4\" data-element_type=\"widget\" data-e-type=\"widget\" data-widget_type=\"heading.default\">\n\t\t\t\t<div class=\"elementor-widget-container\">\n\t\t\t\t\t<h2 class=\"elementor-heading-title elementor-size-default\">Security<\/h2>\t\t\t\t<\/div>\n\t\t\t\t<\/div>\n\t\t\t\t<div class=\"elementor-element elementor-element-188e487d elementor-widget elementor-widget-text-editor\" data-id=\"188e487d\" data-element_type=\"widget\" data-e-type=\"widget\" data-widget_type=\"text-editor.default\">\n\t\t\t\t<div class=\"elementor-widget-container\">\n\t\t\t\t\t\t\t\t\t<p>Terminotix Inc. operates secure data networks protected by industry standard firewall and password protection systems. Our security and privacy policies are periodically reviewed and enhanced as necessary, and only authorized individuals have access to the information provided by our customers.<\/p>\t\t\t\t\t\t\t\t<\/div>\n\t\t\t\t<\/div>\n\t\t\t\t<\/div>\n\t\t\t\t\t<\/div>\n\t\t\t\t<\/div>\n\t\t<div class=\"elementor-element elementor-element-2dcf062e e-flex e-con-boxed e-con e-parent\" data-id=\"2dcf062e\" data-element_type=\"container\" data-e-type=\"container\">\n\t\t\t\t\t<div class=\"e-con-inner\">\n\t\t<div class=\"elementor-element elementor-element-70b69b20 e-con-full e-flex e-con e-child\" data-id=\"70b69b20\" data-element_type=\"container\" data-e-type=\"container\">\n\t\t\t\t<div class=\"elementor-element elementor-element-11229c03 elementor-widget elementor-widget-heading\" data-id=\"11229c03\" data-element_type=\"widget\" data-e-type=\"widget\" data-widget_type=\"heading.default\">\n\t\t\t\t<div class=\"elementor-widget-container\">\n\t\t\t\t\t<h2 class=\"elementor-heading-title elementor-size-default\">Opt-out policy<\/h2>\t\t\t\t<\/div>\n\t\t\t\t<\/div>\n\t\t\t\t<div class=\"elementor-element elementor-element-f524de5 elementor-widget elementor-widget-text-editor\" data-id=\"f524de5\" data-element_type=\"widget\" data-e-type=\"widget\" data-widget_type=\"text-editor.default\">\n\t\t\t\t<div class=\"elementor-widget-container\">\n\t\t\t\t\t\t\t\t\t<p>We give users the option not to register to receive our electronic newsletters.<\/p>\t\t\t\t\t\t\t\t<\/div>\n\t\t\t\t<\/div>\n\t\t\t\t<\/div>\n\t\t\t\t\t<\/div>\n\t\t\t\t<\/div>\n\t\t\t\t<\/div>","protected":false},"excerpt":{"rendered":"<p>Confidentialit\u00e9 Engagement au respect de la vie priv\u00e9e Politique de confidentialit\u00e9 Terminotix inc. est le seul propri\u00e9taire et administrateur de ce site Web ainsi que de youalign.com. Le respect de votre priv\u00e9e est de la plus haute importance pour Terminotix inc. Nous voulons que votre exp\u00e9rience en ligne soit la plus agr\u00e9able et s\u00e9curitaire possible.\u2028 [&hellip;]<\/p>","protected":false},"author":2,"featured_media":0,"parent":0,"menu_order":0,"comment_status":"closed","ping_status":"closed","template":"","meta":{"footnotes":""},"class_list":["post-29","page","type-page","status-publish","hentry"],"yoast_head":"<!-- This site is optimized with the Yoast SEO plugin v26.9 - https:\/\/yoast.com\/product\/yoast-seo-wordpress\/ -->\r\n<title>Privacy Policy<\/title>\r\n<meta name=\"robots\" content=\"index, follow, max-snippet:-1, max-image-preview:large, max-video-preview:-1\" \/>\r\n<link rel=\"canonical\" href=\"https:\/\/terminotix.com\/en\/confidentialite\/\" \/>\r\n<meta property=\"og:locale\" content=\"en_US\" \/>\r\n<meta property=\"og:type\" content=\"article\" \/>\r\n<meta property=\"og:title\" content=\"Confidentialit\u00e9\" \/>\r\n<meta property=\"og:description\" content=\"Confidentialit\u00e9 Engagement au respect de la vie priv\u00e9e Politique de confidentialit\u00e9 Terminotix inc. est le seul propri\u00e9taire et administrateur de ce site Web ainsi que de youalign.com. Le respect de votre priv\u00e9e est de la plus haute importance pour Terminotix inc. Nous voulons que votre exp\u00e9rience en ligne soit la plus agr\u00e9able et s\u00e9curitaire possible.\u2028 [&hellip;]\" \/>\r\n<meta property=\"og:url\" content=\"https:\/\/terminotix.com\/en\/confidentialite\/\" \/>\r\n<meta property=\"og:site_name\" content=\"Terminotix Inc.\" \/>\r\n<meta property=\"article:publisher\" content=\"https:\/\/www.facebook.com\/Terminotix\" \/>\r\n<meta property=\"article:modified_time\" content=\"2026-01-15T15:10:20+00:00\" \/>\r\n<meta property=\"og:image\" content=\"https:\/\/terminotix.com\/wp-content\/uploads\/2025\/10\/multi_gears_grad-scaled-min.png\" \/>\r\n<meta name=\"twitter:card\" content=\"summary_large_image\" \/>\r\n<meta name=\"twitter:site\" content=\"@terminotix\" \/>\r\n<meta name=\"twitter:label1\" content=\"Est. reading time\" \/>\n\t<meta name=\"twitter:data1\" content=\"3 minutes\" \/>\r\n<script type=\"application\/ld+json\" class=\"yoast-schema-graph\">{\"@context\":\"https:\/\/schema.org\",\"@graph\":[{\"@type\":\"WebPage\",\"@id\":\"https:\/\/terminotix.com\/confidentialite\/\",\"url\":\"https:\/\/terminotix.com\/confidentialite\/\",\"name\":\"Confidentialit\u00e9\",\"isPartOf\":{\"@id\":\"https:\/\/terminotix.com\/#website\"},\"primaryImageOfPage\":{\"@id\":\"https:\/\/terminotix.com\/confidentialite\/#primaryimage\"},\"image\":{\"@id\":\"https:\/\/terminotix.com\/confidentialite\/#primaryimage\"},\"thumbnailUrl\":\"https:\/\/terminotix.com\/wp-content\/uploads\/2025\/10\/multi_gears_grad-scaled-min.png\",\"datePublished\":\"2025-03-28T16:06:59+00:00\",\"dateModified\":\"2026-01-15T15:10:20+00:00\",\"breadcrumb\":{\"@id\":\"https:\/\/terminotix.com\/confidentialite\/#breadcrumb\"},\"inLanguage\":\"en-CA\",\"potentialAction\":[{\"@type\":\"ReadAction\",\"target\":[\"https:\/\/terminotix.com\/confidentialite\/\"]}]},{\"@type\":\"ImageObject\",\"inLanguage\":\"en-CA\",\"@id\":\"https:\/\/terminotix.com\/confidentialite\/#primaryimage\",\"url\":\"https:\/\/terminotix.com\/wp-content\/uploads\/2025\/10\/multi_gears_grad-scaled-min.png\",\"contentUrl\":\"https:\/\/terminotix.com\/wp-content\/uploads\/2025\/10\/multi_gears_grad-scaled-min.png\"},{\"@type\":\"BreadcrumbList\",\"@id\":\"https:\/\/terminotix.com\/confidentialite\/#breadcrumb\",\"itemListElement\":[{\"@type\":\"ListItem\",\"position\":1,\"name\":\"Accueil\",\"item\":\"https:\/\/terminotix.com\/\"},{\"@type\":\"ListItem\",\"position\":2,\"name\":\"Confidentialit\u00e9\"}]},{\"@type\":\"WebSite\",\"@id\":\"https:\/\/terminotix.com\/#website\",\"url\":\"https:\/\/terminotix.com\/\",\"name\":\"Terminotix\",\"description\":\"Terminotix est une compagnie de d\u00e9veloppement de logiciel dont la mission est d\u2019aider les services linguistiques et les fournisseurs de services de traduction \u00e0 accro\u00eetre leur productivit\u00e9 en automatisant et en am\u00e9liorant leurs processus de traduction.\",\"publisher\":{\"@id\":\"https:\/\/terminotix.com\/#organization\"},\"potentialAction\":[{\"@type\":\"SearchAction\",\"target\":{\"@type\":\"EntryPoint\",\"urlTemplate\":\"https:\/\/terminotix.com\/?s={search_term_string}\"},\"query-input\":{\"@type\":\"PropertyValueSpecification\",\"valueRequired\":true,\"valueName\":\"search_term_string\"}}],\"inLanguage\":\"en-CA\"},{\"@type\":\"Organization\",\"@id\":\"https:\/\/terminotix.com\/#organization\",\"name\":\"Terminotix Inc.\",\"url\":\"https:\/\/terminotix.com\/\",\"logo\":{\"@type\":\"ImageObject\",\"inLanguage\":\"en-CA\",\"@id\":\"https:\/\/terminotix.com\/#\/schema\/logo\/image\/\",\"url\":\"https:\/\/terminotix.com\/wp-content\/uploads\/2025\/05\/app_logo.png\",\"contentUrl\":\"https:\/\/terminotix.com\/wp-content\/uploads\/2025\/05\/app_logo.png\",\"width\":87,\"height\":87,\"caption\":\"Terminotix Inc.\"},\"image\":{\"@id\":\"https:\/\/terminotix.com\/#\/schema\/logo\/image\/\"},\"sameAs\":[\"https:\/\/www.facebook.com\/Terminotix\",\"https:\/\/x.com\/terminotix\",\"https:\/\/www.youtube.com\/user\/Terminotix\",\"https:\/\/ca.linkedin.com\/company\/terminotix\"]}]}<\/script>\r\n<!-- \/ Yoast SEO plugin. -->","yoast_head_json":{"title":"Privacy Policy","robots":{"index":"index","follow":"follow","max-snippet":"max-snippet:-1","max-image-preview":"max-image-preview:large","max-video-preview":"max-video-preview:-1"},"canonical":"https:\/\/terminotix.com\/en\/confidentialite\/","og_locale":"en_US","og_type":"article","og_title":"Confidentialit\u00e9","og_description":"Confidentialit\u00e9 Engagement au respect de la vie priv\u00e9e Politique de confidentialit\u00e9 Terminotix inc. est le seul propri\u00e9taire et administrateur de ce site Web ainsi que de youalign.com. Le respect de votre priv\u00e9e est de la plus haute importance pour Terminotix inc. Nous voulons que votre exp\u00e9rience en ligne soit la plus agr\u00e9able et s\u00e9curitaire possible.\u2028 [&hellip;]","og_url":"https:\/\/terminotix.com\/en\/confidentialite\/","og_site_name":"Terminotix Inc.","article_publisher":"https:\/\/www.facebook.com\/Terminotix","article_modified_time":"2026-01-15T15:10:20+00:00","og_image":[{"url":"https:\/\/terminotix.com\/wp-content\/uploads\/2025\/10\/multi_gears_grad-scaled-min.png","type":"","width":"","height":""}],"twitter_card":"summary_large_image","twitter_site":"@terminotix","twitter_misc":{"Est. reading time":"3 minutes"},"schema":{"@context":"https:\/\/schema.org","@graph":[{"@type":"WebPage","@id":"https:\/\/terminotix.com\/confidentialite\/","url":"https:\/\/terminotix.com\/confidentialite\/","name":"Privacy Policy","isPartOf":{"@id":"https:\/\/terminotix.com\/#website"},"primaryImageOfPage":{"@id":"https:\/\/terminotix.com\/confidentialite\/#primaryimage"},"image":{"@id":"https:\/\/terminotix.com\/confidentialite\/#primaryimage"},"thumbnailUrl":"https:\/\/terminotix.com\/wp-content\/uploads\/2025\/10\/multi_gears_grad-scaled-min.png","datePublished":"2025-03-28T16:06:59+00:00","dateModified":"2026-01-15T15:10:20+00:00","breadcrumb":{"@id":"https:\/\/terminotix.com\/confidentialite\/#breadcrumb"},"inLanguage":"en-CA","potentialAction":[{"@type":"ReadAction","target":["https:\/\/terminotix.com\/confidentialite\/"]}]},{"@type":"ImageObject","inLanguage":"en-CA","@id":"https:\/\/terminotix.com\/confidentialite\/#primaryimage","url":"https:\/\/terminotix.com\/wp-content\/uploads\/2025\/10\/multi_gears_grad-scaled-min.png","contentUrl":"https:\/\/terminotix.com\/wp-content\/uploads\/2025\/10\/multi_gears_grad-scaled-min.png"},{"@type":"BreadcrumbList","@id":"https:\/\/terminotix.com\/confidentialite\/#breadcrumb","itemListElement":[{"@type":"ListItem","position":1,"name":"Accueil","item":"https:\/\/terminotix.com\/"},{"@type":"ListItem","position":2,"name":"Confidentialit\u00e9"}]},{"@type":"WebSite","@id":"https:\/\/terminotix.com\/#website","url":"https:\/\/terminotix.com\/","name":"Terminotix","description":"Terminotix is a software company with a mission to help language service departments and translation providers improve productivity by automating and enhancing their translation processes.","publisher":{"@id":"https:\/\/terminotix.com\/#organization"},"potentialAction":[{"@type":"SearchAction","target":{"@type":"EntryPoint","urlTemplate":"https:\/\/terminotix.com\/?s={search_term_string}"},"query-input":{"@type":"PropertyValueSpecification","valueRequired":true,"valueName":"search_term_string"}}],"inLanguage":"en-CA"},{"@type":"Organization","@id":"https:\/\/terminotix.com\/#organization","name":"Terminotix Inc.","url":"https:\/\/terminotix.com\/","logo":{"@type":"ImageObject","inLanguage":"en-CA","@id":"https:\/\/terminotix.com\/#\/schema\/logo\/image\/","url":"https:\/\/terminotix.com\/wp-content\/uploads\/2025\/05\/app_logo.png","contentUrl":"https:\/\/terminotix.com\/wp-content\/uploads\/2025\/05\/app_logo.png","width":87,"height":87,"caption":"Terminotix Inc."},"image":{"@id":"https:\/\/terminotix.com\/#\/schema\/logo\/image\/"},"sameAs":["https:\/\/www.facebook.com\/Terminotix","https:\/\/x.com\/terminotix","https:\/\/www.youtube.com\/user\/Terminotix","https:\/\/ca.linkedin.com\/company\/terminotix"]}]}},"_links":{"self":[{"href":"https:\/\/terminotix.com\/en\/wp-json\/wp\/v2\/pages\/29","targetHints":{"allow":["GET"]}}],"collection":[{"href":"https:\/\/terminotix.com\/en\/wp-json\/wp\/v2\/pages"}],"about":[{"href":"https:\/\/terminotix.com\/en\/wp-json\/wp\/v2\/types\/page"}],"author":[{"embeddable":true,"href":"https:\/\/terminotix.com\/en\/wp-json\/wp\/v2\/users\/2"}],"replies":[{"embeddable":true,"href":"https:\/\/terminotix.com\/en\/wp-json\/wp\/v2\/comments?post=29"}],"version-history":[{"count":22,"href":"https:\/\/terminotix.com\/en\/wp-json\/wp\/v2\/pages\/29\/revisions"}],"predecessor-version":[{"id":5809,"href":"https:\/\/terminotix.com\/en\/wp-json\/wp\/v2\/pages\/29\/revisions\/5809"}],"wp:attachment":[{"href":"https:\/\/terminotix.com\/en\/wp-json\/wp\/v2\/media?parent=29"}],"curies":[{"name":"wp","href":"https:\/\/api.w.org\/{rel}","templated":true}]}}