{"id":38,"date":"2025-03-28T12:07:05","date_gmt":"2025-03-28T16:07:05","guid":{"rendered":"http:\/\/txsiteweb.terminotix.local\/index.php\/formation\/"},"modified":"2026-03-30T10:25:47","modified_gmt":"2026-03-30T14:25:47","slug":"formation","status":"publish","type":"page","link":"https:\/\/terminotix.com\/en\/formation\/","title":{"rendered":"Training"},"content":{"rendered":"<div data-elementor-type=\"wp-page\" data-elementor-id=\"38\" class=\"elementor elementor-38\" data-elementor-post-type=\"page\">\n\t\t\t\t<div class=\"elementor-element elementor-element-5262efd5 e-con-full e-flex e-con e-parent\" data-id=\"5262efd5\" data-element_type=\"container\" data-e-type=\"container\">\n\t\t\t\t<div class=\"elementor-element elementor-element-517e2efb elementor-widget elementor-widget-image\" data-id=\"517e2efb\" data-element_type=\"widget\" data-e-type=\"widget\" data-widget_type=\"image.default\">\n\t\t\t\t<div class=\"elementor-widget-container\">\n\t\t\t\t\t\t\t\t\t\t\t\t\t\t\t<img fetchpriority=\"high\" decoding=\"async\" width=\"2560\" height=\"583\" src=\"https:\/\/terminotix.com\/wp-content\/uploads\/2025\/10\/multi_gears_grad-scaled-min.png\" class=\"attachment-full size-full wp-image-3531\" alt=\"Background image multi-gears\" srcset=\"https:\/\/terminotix.com\/wp-content\/uploads\/2025\/10\/multi_gears_grad-scaled-min.png 2560w, https:\/\/terminotix.com\/wp-content\/uploads\/2025\/10\/multi_gears_grad-scaled-min-300x68.png 300w, https:\/\/terminotix.com\/wp-content\/uploads\/2025\/10\/multi_gears_grad-scaled-min-1024x233.png 1024w, https:\/\/terminotix.com\/wp-content\/uploads\/2025\/10\/multi_gears_grad-scaled-min-768x175.png 768w, https:\/\/terminotix.com\/wp-content\/uploads\/2025\/10\/multi_gears_grad-scaled-min-1536x350.png 1536w, https:\/\/terminotix.com\/wp-content\/uploads\/2025\/10\/multi_gears_grad-scaled-min-2048x466.png 2048w, https:\/\/terminotix.com\/wp-content\/uploads\/2025\/10\/multi_gears_grad-scaled-min-18x4.png 18w, https:\/\/terminotix.com\/wp-content\/uploads\/2025\/10\/multi_gears_grad-scaled-min-600x137.png 600w\" sizes=\"(max-width: 2560px) 100vw, 2560px\" \/>\t\t\t\t\t\t\t\t\t\t\t\t\t\t\t<\/div>\n\t\t\t\t<\/div>\n\t\t\t\t<\/div>\n\t\t<div class=\"elementor-element elementor-element-5483f77b e-flex e-con-boxed e-con e-parent\" data-id=\"5483f77b\" data-element_type=\"container\" data-e-type=\"container\">\n\t\t\t\t\t<div class=\"e-con-inner\">\n\t\t\t\t<div class=\"elementor-element elementor-element-2358af86 elementor-widget elementor-widget-heading\" data-id=\"2358af86\" data-element_type=\"widget\" data-e-type=\"widget\" data-widget_type=\"heading.default\">\n\t\t\t\t<div class=\"elementor-widget-container\">\n\t\t\t\t\t<h2 class=\"elementor-heading-title elementor-size-default\">Training<\/h2>\t\t\t\t<\/div>\n\t\t\t\t<\/div>\n\t\t\t\t<div class=\"elementor-element elementor-element-4bca3be8 elementor-widget elementor-widget-text-editor\" data-id=\"4bca3be8\" data-element_type=\"widget\" data-e-type=\"widget\" data-widget_type=\"text-editor.default\">\n\t\t\t\t<div class=\"elementor-widget-container\">\n\t\t\t\t\t\t\t\t\t<p>Terminotix software training<\/p>\t\t\t\t\t\t\t\t<\/div>\n\t\t\t\t<\/div>\n\t\t\t\t\t<\/div>\n\t\t\t\t<\/div>\n\t\t<div class=\"elementor-element elementor-element-24592d4d e-flex e-con-boxed e-con e-parent\" data-id=\"24592d4d\" data-element_type=\"container\" data-e-type=\"container\">\n\t\t\t\t\t<div class=\"e-con-inner\">\n\t\t<div class=\"elementor-element elementor-element-4e097923 e-con-full e-flex e-con e-child\" data-id=\"4e097923\" data-element_type=\"container\" data-e-type=\"container\">\n\t\t\t\t<div class=\"elementor-element elementor-element-2331d34e elementor-widget elementor-widget-heading\" data-id=\"2331d34e\" data-element_type=\"widget\" data-e-type=\"widget\" data-widget_type=\"heading.default\">\n\t\t\t\t<div class=\"elementor-widget-container\">\n\t\t\t\t\t<h2 class=\"elementor-heading-title elementor-size-default\">LogiTerm Pro training<\/h2>\t\t\t\t<\/div>\n\t\t\t\t<\/div>\n\t\t\t\t<\/div>\n\t\t\t\t<div class=\"elementor-element elementor-element-7ad4f80d elementor-widget elementor-widget-text-editor\" data-id=\"7ad4f80d\" data-element_type=\"widget\" data-e-type=\"widget\" data-widget_type=\"text-editor.default\">\n\t\t\t\t<div class=\"elementor-widget-container\">\n\t\t\t\t\t\t\t\t\t<p>Looking for a user-friendly introductory or refresher course to help your team make the most of\u00a0LogiTerm Pro? Regular\u00a0LogiTerm Pro\u00a0workshops are now offered via\u00a0LION Translation Academy, and custom group training is available directly from our partner,\u00a0Joachim L\u00e9pine, M.Ed., C. Tr.<\/p><p>Terminotix can provide three-hour remote training sessions on\u00a0LogiTerm Pro\u00a0to a maximum of five participants at a time at a price of $500. We also offer a one-hour, one-on-one remote training session for $100, tailored to your individual needs. For more information on these sessions, contact us at\u00a0training@terminotix.com.<\/p>\t\t\t\t\t\t\t\t<\/div>\n\t\t\t\t<\/div>\n\t\t\t\t\t<\/div>\n\t\t\t\t<\/div>\n\t\t<div class=\"elementor-element elementor-element-7a5e8335 e-flex e-con-boxed e-con e-parent\" data-id=\"7a5e8335\" data-element_type=\"container\" data-e-type=\"container\">\n\t\t\t\t\t<div class=\"e-con-inner\">\n\t\t<div class=\"elementor-element elementor-element-1eec27c3 e-con-full e-flex e-con e-child\" data-id=\"1eec27c3\" data-element_type=\"container\" data-e-type=\"container\">\n\t\t\t\t<div class=\"elementor-element elementor-element-7c98904d elementor-widget elementor-widget-heading\" data-id=\"7c98904d\" data-element_type=\"widget\" data-e-type=\"widget\" data-widget_type=\"heading.default\">\n\t\t\t\t<div class=\"elementor-widget-container\">\n\t\t\t\t\t<h2 class=\"elementor-heading-title elementor-size-default\">LogiTerm YouTube Tutorials<\/h2>\t\t\t\t<\/div>\n\t\t\t\t<\/div>\n\t\t\t\t<div class=\"elementor-element elementor-element-5ec971b3 elementor-widget elementor-widget-text-editor\" data-id=\"5ec971b3\" data-element_type=\"widget\" data-e-type=\"widget\" data-widget_type=\"text-editor.default\">\n\t\t\t\t<div class=\"elementor-widget-container\">\n\t\t\t\t\t\t\t\t\t<p>You can access our channel at: <a href=\"https:\/\/www.youtube.com\/@Terminotix\/featured\">youtube.com\/Terminotix.<\/a><\/p>\t\t\t\t\t\t\t\t<\/div>\n\t\t\t\t<\/div>\n\t\t\t\t<div class=\"elementor-element elementor-element-96214b8 elementor-widget elementor-widget-text-editor\" data-id=\"96214b8\" data-element_type=\"widget\" data-e-type=\"widget\" data-widget_type=\"text-editor.default\">\n\t\t\t\t<div class=\"elementor-widget-container\">\n\t\t\t\t\t\t\t\t\t<ul><li><a href=\"https:\/\/www.youtube.com\/watch?v=y_AdB8mbxeg\">Conversions de bitextes<\/a><\/li><li><a href=\"https:\/\/www.youtube.com\/watch?v=sC828VztECw\">Creation bitextes<\/a><\/li><li><a href=\"https:\/\/www.youtube.com\/watch?v=hnfca6H-ESY\">Creation et modification modules<\/a><\/li><li><a href=\"https:\/\/www.youtube.com\/watch?v=2gkQFL9sXRs\">Deformatage<\/a><\/li><li><a href=\"https:\/\/www.youtube.com\/watch?v=ml8T2VqQvCk\">Editeur de bitextes<\/a><\/li><li><a href=\"https:\/\/www.youtube.com\/watch?v=-yxD7dc9pUA\">Modele de fiche et liste de selection<\/a><\/li><li><a href=\"https:\/\/www.youtube.com\/watch?v=-EB7FJ3t1io\">Moteur de recherche<\/a><\/li><\/ul>\t\t\t\t\t\t\t\t<\/div>\n\t\t\t\t<\/div>\n\t\t\t\t<\/div>\n\t\t<div class=\"elementor-element elementor-element-1819dab2 e-con-full e-flex e-con e-child\" data-id=\"1819dab2\" data-element_type=\"container\" data-e-type=\"container\">\n\t\t<div class=\"elementor-element elementor-element-305bf6c3 e-con-full e-flex e-con e-child\" data-id=\"305bf6c3\" data-element_type=\"container\" data-e-type=\"container\">\n\t\t<div class=\"elementor-element elementor-element-4f16acfd e-con-full e-flex e-con e-child\" data-id=\"4f16acfd\" data-element_type=\"container\" data-e-type=\"container\">\n\t\t\t\t<div class=\"elementor-element elementor-element-7986528a elementor-widget elementor-widget-heading\" data-id=\"7986528a\" data-element_type=\"widget\" data-e-type=\"widget\" data-widget_type=\"heading.default\">\n\t\t\t\t<div class=\"elementor-widget-container\">\n\t\t\t\t\t<h2 class=\"elementor-heading-title elementor-size-default\">AlignFactory YouTube Tutorials<\/h2>\t\t\t\t<\/div>\n\t\t\t\t<\/div>\n\t\t\t\t<div class=\"elementor-element elementor-element-61933719 elementor-widget elementor-widget-text-editor\" data-id=\"61933719\" data-element_type=\"widget\" data-e-type=\"widget\" data-widget_type=\"text-editor.default\">\n\t\t\t\t<div class=\"elementor-widget-container\">\n\t\t\t\t\t\t\t\t\t<p>You can access our channel at: <a href=\"https:\/\/www.youtube.com\/@Terminotix\/featured\">youtube.com\/Terminotix.<\/a><\/p>\t\t\t\t\t\t\t\t<\/div>\n\t\t\t\t<\/div>\n\t\t\t\t<div class=\"elementor-element elementor-element-7953913b elementor-widget elementor-widget-text-editor\" data-id=\"7953913b\" data-element_type=\"widget\" data-e-type=\"widget\" data-widget_type=\"text-editor.default\">\n\t\t\t\t<div class=\"elementor-widget-container\">\n\t\t\t\t\t\t\t\t\t<ul><li><a href=\"https:\/\/www.youtube.com\/watch?v=ml8T2VqQvCk\">Correction de bitextes &#8211; \u00c9diteur d\u2019alignement<\/a><\/li><\/ul>\t\t\t\t\t\t\t\t<\/div>\n\t\t\t\t<\/div>\n\t\t\t\t<\/div>\n\t\t\t\t<\/div>\n\t\t<div class=\"elementor-element elementor-element-671ae9ba e-con-full e-flex e-con e-child\" data-id=\"671ae9ba\" data-element_type=\"container\" data-e-type=\"container\">\n\t\t<div class=\"elementor-element elementor-element-7167181 e-con-full e-flex e-con e-child\" data-id=\"7167181\" data-element_type=\"container\" data-e-type=\"container\">\n\t\t\t\t<div class=\"elementor-element elementor-element-d64555e elementor-widget elementor-widget-heading\" data-id=\"d64555e\" data-element_type=\"widget\" data-e-type=\"widget\" data-widget_type=\"heading.default\">\n\t\t\t\t<div class=\"elementor-widget-container\">\n\t\t\t\t\t<h2 class=\"elementor-heading-title elementor-size-default\">SynchroTerm YouTube Tutorials<\/h2>\t\t\t\t<\/div>\n\t\t\t\t<\/div>\n\t\t\t\t<div class=\"elementor-element elementor-element-2bb54841 elementor-widget elementor-widget-text-editor\" data-id=\"2bb54841\" data-element_type=\"widget\" data-e-type=\"widget\" data-widget_type=\"text-editor.default\">\n\t\t\t\t<div class=\"elementor-widget-container\">\n\t\t\t\t\t\t\t\t\t<p>You can access our channel at: <a href=\"https:\/\/www.youtube.com\/@Terminotix\/featured\">youtube.com\/Terminotix.<\/a><\/p>\t\t\t\t\t\t\t\t<\/div>\n\t\t\t\t<\/div>\n\t\t\t\t<\/div>\n\t\t\t\t<\/div>\n\t\t\t\t<\/div>\n\t\t\t\t\t<\/div>\n\t\t\t\t<\/div>\n\t\t\t\t<\/div>","protected":false},"excerpt":{"rendered":"<p>Formation Formation sur les logiciels Terminotix Formation\u00a0LogiTerm Pro Vous cherchez un cours convivial d\u2019initiation ou de mise \u00e0 niveau qui aidera votre \u00e9quipe de traduction \u00e0 tirer le maximum de\u00a0LogiTerm Pro? Les ateliers de formation\u00a0LogiTerm Pro\u00a0sont maintenant offerts par l\u2019\u00c9cole de traduction LION. Il est \u00e9galement possible de planifier des formations sur mesure directement aupr\u00e8s [&hellip;]<\/p>","protected":false},"author":2,"featured_media":0,"parent":0,"menu_order":0,"comment_status":"closed","ping_status":"closed","template":"","meta":{"footnotes":""},"class_list":["post-38","page","type-page","status-publish","hentry"],"yoast_head":"<!-- This site is optimized with the Yoast SEO plugin v26.9 - https:\/\/yoast.com\/product\/yoast-seo-wordpress\/ -->\r\n<title>Training<\/title>\r\n<meta name=\"description\" content=\"Formations et tutoriels vid\u00e9o sur les logiciels Terminotix : Ateliers en groupe, formation sur mesure et cha\u00eene YouTube gratuite.\" \/>\r\n<meta name=\"robots\" content=\"index, follow, max-snippet:-1, max-image-preview:large, max-video-preview:-1\" \/>\r\n<link rel=\"canonical\" href=\"https:\/\/terminotix.com\/en\/formation\/\" \/>\r\n<meta property=\"og:locale\" content=\"en_US\" \/>\r\n<meta property=\"og:type\" content=\"article\" \/>\r\n<meta property=\"og:title\" content=\"Formation\" \/>\r\n<meta property=\"og:description\" content=\"Formations et tutoriels vid\u00e9o sur les logiciels Terminotix : Ateliers en groupe, formation sur mesure et cha\u00eene YouTube gratuite.\" \/>\r\n<meta property=\"og:url\" content=\"https:\/\/terminotix.com\/en\/formation\/\" \/>\r\n<meta property=\"og:site_name\" content=\"Terminotix Inc.\" \/>\r\n<meta property=\"article:publisher\" content=\"https:\/\/www.facebook.com\/Terminotix\" \/>\r\n<meta property=\"article:modified_time\" content=\"2026-03-30T14:25:47+00:00\" \/>\r\n<meta property=\"og:image\" content=\"https:\/\/terminotix.com\/wp-content\/uploads\/2025\/10\/multi_gears_grad-scaled-min.png\" \/>\r\n<meta name=\"twitter:card\" content=\"summary_large_image\" \/>\r\n<meta name=\"twitter:site\" content=\"@terminotix\" \/>\r\n<meta name=\"twitter:label1\" content=\"Est. reading time\" \/>\n\t<meta name=\"twitter:data1\" content=\"2 minutes\" \/>\r\n<script type=\"application\/ld+json\" class=\"yoast-schema-graph\">{\"@context\":\"https:\/\/schema.org\",\"@graph\":[{\"@type\":\"WebPage\",\"@id\":\"https:\/\/terminotix.com\/formation\/\",\"url\":\"https:\/\/terminotix.com\/formation\/\",\"name\":\"Formation\",\"isPartOf\":{\"@id\":\"https:\/\/terminotix.com\/#website\"},\"primaryImageOfPage\":{\"@id\":\"https:\/\/terminotix.com\/formation\/#primaryimage\"},\"image\":{\"@id\":\"https:\/\/terminotix.com\/formation\/#primaryimage\"},\"thumbnailUrl\":\"https:\/\/terminotix.com\/wp-content\/uploads\/2025\/10\/multi_gears_grad-scaled-min.png\",\"datePublished\":\"2025-03-28T16:07:05+00:00\",\"dateModified\":\"2026-03-30T14:25:47+00:00\",\"description\":\"Formations et tutoriels vid\u00e9o sur les logiciels Terminotix : Ateliers en groupe, formation sur mesure et cha\u00eene YouTube gratuite.\",\"breadcrumb\":{\"@id\":\"https:\/\/terminotix.com\/formation\/#breadcrumb\"},\"inLanguage\":\"en-CA\",\"potentialAction\":[{\"@type\":\"ReadAction\",\"target\":[\"https:\/\/terminotix.com\/formation\/\"]}]},{\"@type\":\"ImageObject\",\"inLanguage\":\"en-CA\",\"@id\":\"https:\/\/terminotix.com\/formation\/#primaryimage\",\"url\":\"https:\/\/terminotix.com\/wp-content\/uploads\/2025\/10\/multi_gears_grad-scaled-min.png\",\"contentUrl\":\"https:\/\/terminotix.com\/wp-content\/uploads\/2025\/10\/multi_gears_grad-scaled-min.png\"},{\"@type\":\"BreadcrumbList\",\"@id\":\"https:\/\/terminotix.com\/formation\/#breadcrumb\",\"itemListElement\":[{\"@type\":\"ListItem\",\"position\":1,\"name\":\"Accueil\",\"item\":\"https:\/\/terminotix.com\/\"},{\"@type\":\"ListItem\",\"position\":2,\"name\":\"Formation\"}]},{\"@type\":\"WebSite\",\"@id\":\"https:\/\/terminotix.com\/#website\",\"url\":\"https:\/\/terminotix.com\/\",\"name\":\"Terminotix\",\"description\":\"Terminotix est une compagnie de d\u00e9veloppement de logiciel dont la mission est d\u2019aider les services linguistiques et les fournisseurs de services de traduction \u00e0 accro\u00eetre leur productivit\u00e9 en automatisant et en am\u00e9liorant leurs processus de traduction.\",\"publisher\":{\"@id\":\"https:\/\/terminotix.com\/#organization\"},\"potentialAction\":[{\"@type\":\"SearchAction\",\"target\":{\"@type\":\"EntryPoint\",\"urlTemplate\":\"https:\/\/terminotix.com\/?s={search_term_string}\"},\"query-input\":{\"@type\":\"PropertyValueSpecification\",\"valueRequired\":true,\"valueName\":\"search_term_string\"}}],\"inLanguage\":\"en-CA\"},{\"@type\":\"Organization\",\"@id\":\"https:\/\/terminotix.com\/#organization\",\"name\":\"Terminotix Inc.\",\"url\":\"https:\/\/terminotix.com\/\",\"logo\":{\"@type\":\"ImageObject\",\"inLanguage\":\"en-CA\",\"@id\":\"https:\/\/terminotix.com\/#\/schema\/logo\/image\/\",\"url\":\"https:\/\/terminotix.com\/wp-content\/uploads\/2025\/05\/app_logo.png\",\"contentUrl\":\"https:\/\/terminotix.com\/wp-content\/uploads\/2025\/05\/app_logo.png\",\"width\":87,\"height\":87,\"caption\":\"Terminotix Inc.\"},\"image\":{\"@id\":\"https:\/\/terminotix.com\/#\/schema\/logo\/image\/\"},\"sameAs\":[\"https:\/\/www.facebook.com\/Terminotix\",\"https:\/\/x.com\/terminotix\",\"https:\/\/www.youtube.com\/user\/Terminotix\",\"https:\/\/ca.linkedin.com\/company\/terminotix\"]}]}<\/script>\r\n<!-- \/ Yoast SEO plugin. -->","yoast_head_json":{"title":"Training","description":"Formations et tutoriels vid\u00e9o sur les logiciels Terminotix : Ateliers en groupe, formation sur mesure et cha\u00eene YouTube gratuite.","robots":{"index":"index","follow":"follow","max-snippet":"max-snippet:-1","max-image-preview":"max-image-preview:large","max-video-preview":"max-video-preview:-1"},"canonical":"https:\/\/terminotix.com\/en\/formation\/","og_locale":"en_US","og_type":"article","og_title":"Formation","og_description":"Formations et tutoriels vid\u00e9o sur les logiciels Terminotix : Ateliers en groupe, formation sur mesure et cha\u00eene YouTube gratuite.","og_url":"https:\/\/terminotix.com\/en\/formation\/","og_site_name":"Terminotix Inc.","article_publisher":"https:\/\/www.facebook.com\/Terminotix","article_modified_time":"2026-03-30T14:25:47+00:00","og_image":[{"url":"https:\/\/terminotix.com\/wp-content\/uploads\/2025\/10\/multi_gears_grad-scaled-min.png","type":"","width":"","height":""}],"twitter_card":"summary_large_image","twitter_site":"@terminotix","twitter_misc":{"Est. reading time":"2 minutes"},"schema":{"@context":"https:\/\/schema.org","@graph":[{"@type":"WebPage","@id":"https:\/\/terminotix.com\/formation\/","url":"https:\/\/terminotix.com\/formation\/","name":"Training","isPartOf":{"@id":"https:\/\/terminotix.com\/#website"},"primaryImageOfPage":{"@id":"https:\/\/terminotix.com\/formation\/#primaryimage"},"image":{"@id":"https:\/\/terminotix.com\/formation\/#primaryimage"},"thumbnailUrl":"https:\/\/terminotix.com\/wp-content\/uploads\/2025\/10\/multi_gears_grad-scaled-min.png","datePublished":"2025-03-28T16:07:05+00:00","dateModified":"2026-03-30T14:25:47+00:00","description":"Formations et tutoriels vid\u00e9o sur les logiciels Terminotix : Ateliers en groupe, formation sur mesure et cha\u00eene YouTube gratuite.","breadcrumb":{"@id":"https:\/\/terminotix.com\/formation\/#breadcrumb"},"inLanguage":"en-CA","potentialAction":[{"@type":"ReadAction","target":["https:\/\/terminotix.com\/formation\/"]}]},{"@type":"ImageObject","inLanguage":"en-CA","@id":"https:\/\/terminotix.com\/formation\/#primaryimage","url":"https:\/\/terminotix.com\/wp-content\/uploads\/2025\/10\/multi_gears_grad-scaled-min.png","contentUrl":"https:\/\/terminotix.com\/wp-content\/uploads\/2025\/10\/multi_gears_grad-scaled-min.png"},{"@type":"BreadcrumbList","@id":"https:\/\/terminotix.com\/formation\/#breadcrumb","itemListElement":[{"@type":"ListItem","position":1,"name":"Accueil","item":"https:\/\/terminotix.com\/"},{"@type":"ListItem","position":2,"name":"Formation"}]},{"@type":"WebSite","@id":"https:\/\/terminotix.com\/#website","url":"https:\/\/terminotix.com\/","name":"Terminotix","description":"Terminotix is a software company with a mission to help language service departments and translation providers improve productivity by automating and enhancing their translation processes.","publisher":{"@id":"https:\/\/terminotix.com\/#organization"},"potentialAction":[{"@type":"SearchAction","target":{"@type":"EntryPoint","urlTemplate":"https:\/\/terminotix.com\/?s={search_term_string}"},"query-input":{"@type":"PropertyValueSpecification","valueRequired":true,"valueName":"search_term_string"}}],"inLanguage":"en-CA"},{"@type":"Organization","@id":"https:\/\/terminotix.com\/#organization","name":"Terminotix Inc.","url":"https:\/\/terminotix.com\/","logo":{"@type":"ImageObject","inLanguage":"en-CA","@id":"https:\/\/terminotix.com\/#\/schema\/logo\/image\/","url":"https:\/\/terminotix.com\/wp-content\/uploads\/2025\/05\/app_logo.png","contentUrl":"https:\/\/terminotix.com\/wp-content\/uploads\/2025\/05\/app_logo.png","width":87,"height":87,"caption":"Terminotix Inc."},"image":{"@id":"https:\/\/terminotix.com\/#\/schema\/logo\/image\/"},"sameAs":["https:\/\/www.facebook.com\/Terminotix","https:\/\/x.com\/terminotix","https:\/\/www.youtube.com\/user\/Terminotix","https:\/\/ca.linkedin.com\/company\/terminotix"]}]}},"_links":{"self":[{"href":"https:\/\/terminotix.com\/en\/wp-json\/wp\/v2\/pages\/38","targetHints":{"allow":["GET"]}}],"collection":[{"href":"https:\/\/terminotix.com\/en\/wp-json\/wp\/v2\/pages"}],"about":[{"href":"https:\/\/terminotix.com\/en\/wp-json\/wp\/v2\/types\/page"}],"author":[{"embeddable":true,"href":"https:\/\/terminotix.com\/en\/wp-json\/wp\/v2\/users\/2"}],"replies":[{"embeddable":true,"href":"https:\/\/terminotix.com\/en\/wp-json\/wp\/v2\/comments?post=38"}],"version-history":[{"count":34,"href":"https:\/\/terminotix.com\/en\/wp-json\/wp\/v2\/pages\/38\/revisions"}],"predecessor-version":[{"id":6885,"href":"https:\/\/terminotix.com\/en\/wp-json\/wp\/v2\/pages\/38\/revisions\/6885"}],"wp:attachment":[{"href":"https:\/\/terminotix.com\/en\/wp-json\/wp\/v2\/media?parent=38"}],"curies":[{"name":"wp","href":"https:\/\/api.w.org\/{rel}","templated":true}]}}