{"id":4672,"date":"2025-11-17T15:31:36","date_gmt":"2025-11-17T20:31:36","guid":{"rendered":"https:\/\/dev.terminotix.com\/?page_id=4672"},"modified":"2025-11-17T15:47:08","modified_gmt":"2025-11-17T20:47:08","slug":"mailing-list-newsletter2","status":"publish","type":"page","link":"https:\/\/terminotix.com\/en\/mailing-list-newsletter2\/","title":{"rendered":"Liste d&rsquo;envoi \/\/ Mailing List"},"content":{"rendered":"<div data-elementor-type=\"wp-page\" data-elementor-id=\"4672\" class=\"elementor elementor-4672\" data-elementor-post-type=\"page\">\n\t\t\t\t<div class=\"elementor-element elementor-element-5a82312 e-flex e-con-boxed e-con e-parent\" data-id=\"5a82312\" data-element_type=\"container\" data-e-type=\"container\">\n\t\t\t\t\t<div class=\"e-con-inner\">\n\t\t<div class=\"elementor-element elementor-element-58fe928 e-grid e-con-full e-con e-child\" data-id=\"58fe928\" data-element_type=\"container\" data-e-type=\"container\">\n\t\t\t\t<div class=\"elementor-element elementor-element-f05865d elementor-widget elementor-widget-image\" data-id=\"f05865d\" data-element_type=\"widget\" data-e-type=\"widget\" data-widget_type=\"image.default\">\n\t\t\t\t<div class=\"elementor-widget-container\">\n\t\t\t\t\t\t\t\t\t\t\t\t\t\t\t<img decoding=\"async\" width=\"380\" height=\"105\" src=\"https:\/\/terminotix.com\/wp-content\/uploads\/2025\/03\/titre_fr.svg\" class=\"attachment-medium_large size-medium_large wp-image-358\" alt=\"Communiqu\u00e9 LogiTerm\" \/>\t\t\t\t\t\t\t\t\t\t\t\t\t\t\t<\/div>\n\t\t\t\t<\/div>\n\t\t\t\t<div class=\"elementor-element elementor-element-edcd3f8 elementor-widget elementor-widget-image\" data-id=\"edcd3f8\" data-element_type=\"widget\" data-e-type=\"widget\" data-widget_type=\"image.default\">\n\t\t\t\t<div class=\"elementor-widget-container\">\n\t\t\t\t\t\t\t\t\t\t\t\t\t\t\t<img decoding=\"async\" src=\"https:\/\/terminotix.com\/news\/img\/titre_en.svg\" title=\"\" alt=\"LogiTerm Newsletter\" loading=\"lazy\" \/>\t\t\t\t\t\t\t\t\t\t\t\t\t\t\t<\/div>\n\t\t\t\t<\/div>\n\t\t\t\t<\/div>\n\t\t\t\t<div class=\"elementor-element elementor-element-69370f2 elementor-widget elementor-widget-shortcode\" data-id=\"69370f2\" data-element_type=\"widget\" data-e-type=\"widget\" data-widget_type=\"shortcode.default\">\n\t\t\t\t<div class=\"elementor-widget-container\">\n\t\t\t\t\t\t\t<div class=\"elementor-shortcode\"><div class=\"tnp tnp-subscription\">\n<form method=\"post\" action=\"https:\/\/terminotix.com\/en\/?na=s\" data-trp-original-action=\"https:\/\/terminotix.com\/en\/?na=s\">\n<input type=\"hidden\" name=\"nlang\" value=\"en\">\n<div class=\"tnp-field tnp-field-email\"><label for=\"tnp-1\">Email:<\/label>\n<input class=\"tnp-email\" type=\"email\" name=\"ne\" id=\"tnp-1\" value=\"\" placeholder=\"[Your email]\" required><\/div>\n<div class=\"tnp-field tnp-field-button\" style=\"text-align: left\"><input class=\"tnp-submit\" type=\"submit\" value=\"Subscribe\" style=\"\">\n<\/div>\n<input type=\"hidden\" name=\"trp-form-language\" value=\"en\"\/><\/form>\n<\/div>\n<\/div>\n\t\t\t\t\t\t<\/div>\n\t\t\t\t<\/div>\n\t\t\t\t\t<\/div>\n\t\t\t\t<\/div>\n\t\t\t\t<\/div>","protected":false},"excerpt":{"rendered":"","protected":false},"author":3,"featured_media":0,"parent":0,"menu_order":0,"comment_status":"closed","ping_status":"closed","template":"","meta":{"footnotes":""},"class_list":["post-4672","page","type-page","status-publish","hentry"],"yoast_head":"<!-- This site is optimized with the Yoast SEO plugin v26.9 - https:\/\/yoast.com\/product\/yoast-seo-wordpress\/ -->\r\n<title>Liste d&#039;envoi \/\/ Mailing List<\/title>\r\n<meta name=\"robots\" content=\"index, follow, max-snippet:-1, max-image-preview:large, max-video-preview:-1\" \/>\r\n<link rel=\"canonical\" href=\"https:\/\/terminotix.com\/en\/mailing-list-newsletter2\/\" \/>\r\n<meta property=\"og:locale\" content=\"en_US\" \/>\r\n<meta property=\"og:type\" content=\"article\" \/>\r\n<meta property=\"og:title\" content=\"Liste d&#039;envoi \/\/ Mailing List\" \/>\r\n<meta property=\"og:url\" content=\"https:\/\/terminotix.com\/en\/mailing-list-newsletter2\/\" \/>\r\n<meta property=\"og:site_name\" content=\"Terminotix Inc.\" \/>\r\n<meta property=\"article:publisher\" content=\"https:\/\/www.facebook.com\/Terminotix\" \/>\r\n<meta property=\"article:modified_time\" content=\"2025-11-17T20:47:08+00:00\" \/>\r\n<meta property=\"og:image\" content=\"https:\/\/dev.terminotix.com\/wp-content\/uploads\/2025\/03\/titre_fr.svg\" \/>\r\n<meta name=\"twitter:card\" content=\"summary_large_image\" \/>\r\n<meta name=\"twitter:site\" content=\"@terminotix\" \/>\r\n<script type=\"application\/ld+json\" class=\"yoast-schema-graph\">{\"@context\":\"https:\/\/schema.org\",\"@graph\":[{\"@type\":\"WebPage\",\"@id\":\"https:\/\/terminotix.com\/mailing-list-newsletter2\/\",\"url\":\"https:\/\/terminotix.com\/mailing-list-newsletter2\/\",\"name\":\"Liste d'envoi \/\/ Mailing List\",\"isPartOf\":{\"@id\":\"https:\/\/terminotix.com\/#website\"},\"primaryImageOfPage\":{\"@id\":\"https:\/\/terminotix.com\/mailing-list-newsletter2\/#primaryimage\"},\"image\":{\"@id\":\"https:\/\/terminotix.com\/mailing-list-newsletter2\/#primaryimage\"},\"thumbnailUrl\":\"https:\/\/dev.terminotix.com\/wp-content\/uploads\/2025\/03\/titre_fr.svg\",\"datePublished\":\"2025-11-17T20:31:36+00:00\",\"dateModified\":\"2025-11-17T20:47:08+00:00\",\"breadcrumb\":{\"@id\":\"https:\/\/terminotix.com\/mailing-list-newsletter2\/#breadcrumb\"},\"inLanguage\":\"en-CA\",\"potentialAction\":[{\"@type\":\"ReadAction\",\"target\":[\"https:\/\/terminotix.com\/mailing-list-newsletter2\/\"]}]},{\"@type\":\"ImageObject\",\"inLanguage\":\"en-CA\",\"@id\":\"https:\/\/terminotix.com\/mailing-list-newsletter2\/#primaryimage\",\"url\":\"https:\/\/dev.terminotix.com\/wp-content\/uploads\/2025\/03\/titre_fr.svg\",\"contentUrl\":\"https:\/\/dev.terminotix.com\/wp-content\/uploads\/2025\/03\/titre_fr.svg\"},{\"@type\":\"BreadcrumbList\",\"@id\":\"https:\/\/terminotix.com\/mailing-list-newsletter2\/#breadcrumb\",\"itemListElement\":[{\"@type\":\"ListItem\",\"position\":1,\"name\":\"Accueil\",\"item\":\"https:\/\/terminotix.com\/\"},{\"@type\":\"ListItem\",\"position\":2,\"name\":\"Liste d&rsquo;envoi \/\/ Mailing List\"}]},{\"@type\":\"WebSite\",\"@id\":\"https:\/\/terminotix.com\/#website\",\"url\":\"https:\/\/terminotix.com\/\",\"name\":\"Terminotix\",\"description\":\"Terminotix est une compagnie de d\u00e9veloppement de logiciel dont la mission est d\u2019aider les services linguistiques et les fournisseurs de services de traduction \u00e0 accro\u00eetre leur productivit\u00e9 en automatisant et en am\u00e9liorant leurs processus de traduction.\",\"publisher\":{\"@id\":\"https:\/\/terminotix.com\/#organization\"},\"potentialAction\":[{\"@type\":\"SearchAction\",\"target\":{\"@type\":\"EntryPoint\",\"urlTemplate\":\"https:\/\/terminotix.com\/?s={search_term_string}\"},\"query-input\":{\"@type\":\"PropertyValueSpecification\",\"valueRequired\":true,\"valueName\":\"search_term_string\"}}],\"inLanguage\":\"en-CA\"},{\"@type\":\"Organization\",\"@id\":\"https:\/\/terminotix.com\/#organization\",\"name\":\"Terminotix Inc.\",\"url\":\"https:\/\/terminotix.com\/\",\"logo\":{\"@type\":\"ImageObject\",\"inLanguage\":\"en-CA\",\"@id\":\"https:\/\/terminotix.com\/#\/schema\/logo\/image\/\",\"url\":\"https:\/\/terminotix.com\/wp-content\/uploads\/2025\/05\/app_logo.png\",\"contentUrl\":\"https:\/\/terminotix.com\/wp-content\/uploads\/2025\/05\/app_logo.png\",\"width\":87,\"height\":87,\"caption\":\"Terminotix Inc.\"},\"image\":{\"@id\":\"https:\/\/terminotix.com\/#\/schema\/logo\/image\/\"},\"sameAs\":[\"https:\/\/www.facebook.com\/Terminotix\",\"https:\/\/x.com\/terminotix\",\"https:\/\/www.youtube.com\/user\/Terminotix\",\"https:\/\/ca.linkedin.com\/company\/terminotix\"]}]}<\/script>\r\n<!-- \/ Yoast SEO plugin. -->","yoast_head_json":{"title":"Liste d'envoi \/\/ Mailing List","robots":{"index":"index","follow":"follow","max-snippet":"max-snippet:-1","max-image-preview":"max-image-preview:large","max-video-preview":"max-video-preview:-1"},"canonical":"https:\/\/terminotix.com\/en\/mailing-list-newsletter2\/","og_locale":"en_US","og_type":"article","og_title":"Liste d'envoi \/\/ Mailing List","og_url":"https:\/\/terminotix.com\/en\/mailing-list-newsletter2\/","og_site_name":"Terminotix Inc.","article_publisher":"https:\/\/www.facebook.com\/Terminotix","article_modified_time":"2025-11-17T20:47:08+00:00","og_image":[{"url":"https:\/\/dev.terminotix.com\/wp-content\/uploads\/2025\/03\/titre_fr.svg","type":"","width":"","height":""}],"twitter_card":"summary_large_image","twitter_site":"@terminotix","schema":{"@context":"https:\/\/schema.org","@graph":[{"@type":"WebPage","@id":"https:\/\/terminotix.com\/mailing-list-newsletter2\/","url":"https:\/\/terminotix.com\/mailing-list-newsletter2\/","name":"Liste d'envoi \/\/ Mailing List","isPartOf":{"@id":"https:\/\/terminotix.com\/#website"},"primaryImageOfPage":{"@id":"https:\/\/terminotix.com\/mailing-list-newsletter2\/#primaryimage"},"image":{"@id":"https:\/\/terminotix.com\/mailing-list-newsletter2\/#primaryimage"},"thumbnailUrl":"https:\/\/dev.terminotix.com\/wp-content\/uploads\/2025\/03\/titre_fr.svg","datePublished":"2025-11-17T20:31:36+00:00","dateModified":"2025-11-17T20:47:08+00:00","breadcrumb":{"@id":"https:\/\/terminotix.com\/mailing-list-newsletter2\/#breadcrumb"},"inLanguage":"en-CA","potentialAction":[{"@type":"ReadAction","target":["https:\/\/terminotix.com\/mailing-list-newsletter2\/"]}]},{"@type":"ImageObject","inLanguage":"en-CA","@id":"https:\/\/terminotix.com\/mailing-list-newsletter2\/#primaryimage","url":"https:\/\/dev.terminotix.com\/wp-content\/uploads\/2025\/03\/titre_fr.svg","contentUrl":"https:\/\/dev.terminotix.com\/wp-content\/uploads\/2025\/03\/titre_fr.svg"},{"@type":"BreadcrumbList","@id":"https:\/\/terminotix.com\/mailing-list-newsletter2\/#breadcrumb","itemListElement":[{"@type":"ListItem","position":1,"name":"Accueil","item":"https:\/\/terminotix.com\/"},{"@type":"ListItem","position":2,"name":"Liste d&rsquo;envoi \/\/ Mailing List"}]},{"@type":"WebSite","@id":"https:\/\/terminotix.com\/#website","url":"https:\/\/terminotix.com\/","name":"Terminotix","description":"Terminotix is a software company with a mission to help language service departments and translation providers improve productivity by automating and enhancing their translation processes.","publisher":{"@id":"https:\/\/terminotix.com\/#organization"},"potentialAction":[{"@type":"SearchAction","target":{"@type":"EntryPoint","urlTemplate":"https:\/\/terminotix.com\/?s={search_term_string}"},"query-input":{"@type":"PropertyValueSpecification","valueRequired":true,"valueName":"search_term_string"}}],"inLanguage":"en-CA"},{"@type":"Organization","@id":"https:\/\/terminotix.com\/#organization","name":"Terminotix Inc.","url":"https:\/\/terminotix.com\/","logo":{"@type":"ImageObject","inLanguage":"en-CA","@id":"https:\/\/terminotix.com\/#\/schema\/logo\/image\/","url":"https:\/\/terminotix.com\/wp-content\/uploads\/2025\/05\/app_logo.png","contentUrl":"https:\/\/terminotix.com\/wp-content\/uploads\/2025\/05\/app_logo.png","width":87,"height":87,"caption":"Terminotix Inc."},"image":{"@id":"https:\/\/terminotix.com\/#\/schema\/logo\/image\/"},"sameAs":["https:\/\/www.facebook.com\/Terminotix","https:\/\/x.com\/terminotix","https:\/\/www.youtube.com\/user\/Terminotix","https:\/\/ca.linkedin.com\/company\/terminotix"]}]}},"_links":{"self":[{"href":"https:\/\/terminotix.com\/en\/wp-json\/wp\/v2\/pages\/4672","targetHints":{"allow":["GET"]}}],"collection":[{"href":"https:\/\/terminotix.com\/en\/wp-json\/wp\/v2\/pages"}],"about":[{"href":"https:\/\/terminotix.com\/en\/wp-json\/wp\/v2\/types\/page"}],"author":[{"embeddable":true,"href":"https:\/\/terminotix.com\/en\/wp-json\/wp\/v2\/users\/3"}],"replies":[{"embeddable":true,"href":"https:\/\/terminotix.com\/en\/wp-json\/wp\/v2\/comments?post=4672"}],"version-history":[{"count":5,"href":"https:\/\/terminotix.com\/en\/wp-json\/wp\/v2\/pages\/4672\/revisions"}],"predecessor-version":[{"id":4678,"href":"https:\/\/terminotix.com\/en\/wp-json\/wp\/v2\/pages\/4672\/revisions\/4678"}],"wp:attachment":[{"href":"https:\/\/terminotix.com\/en\/wp-json\/wp\/v2\/media?parent=4672"}],"curies":[{"name":"wp","href":"https:\/\/api.w.org\/{rel}","templated":true}]}}