{"id":5924,"date":"2026-01-27T09:24:01","date_gmt":"2026-01-27T14:24:01","guid":{"rendered":"https:\/\/terminotix.com\/?page_id=5924"},"modified":"2026-03-30T10:41:36","modified_gmt":"2026-03-30T14:41:36","slug":"logiterm-light","status":"publish","type":"page","link":"https:\/\/terminotix.com\/en\/logiterm-light\/","title":{"rendered":"LogiTerm Light"},"content":{"rendered":"<div data-elementor-type=\"wp-page\" data-elementor-id=\"5924\" class=\"elementor elementor-5924\" data-elementor-post-type=\"page\">\n\t\t\t\t<div class=\"elementor-element elementor-element-6fee1c3 e-con-full e-flex e-con e-parent\" data-id=\"6fee1c3\" data-element_type=\"container\" data-e-type=\"container\">\n\t\t\t\t<div class=\"elementor-element elementor-element-e7d225c elementor-widget elementor-widget-image\" data-id=\"e7d225c\" data-element_type=\"widget\" data-e-type=\"widget\" data-widget_type=\"image.default\">\n\t\t\t\t<div class=\"elementor-widget-container\">\n\t\t\t\t\t\t\t\t\t\t\t\t\t\t\t<img fetchpriority=\"high\" decoding=\"async\" width=\"3999\" height=\"911\" src=\"https:\/\/terminotix.com\/wp-content\/uploads\/2025\/03\/blue_gears_grad-scaled.png\" class=\"attachment-full size-full wp-image-256\" alt=\"\" \/>\t\t\t\t\t\t\t\t\t\t\t\t\t\t\t<\/div>\n\t\t\t\t<\/div>\n\t\t\t\t<\/div>\n\t\t<div class=\"elementor-element elementor-element-04f5c18 e-flex e-con-boxed e-con e-parent\" data-id=\"04f5c18\" data-element_type=\"container\" data-e-type=\"container\">\n\t\t\t\t\t<div class=\"e-con-inner\">\n\t\t\t\t<div class=\"elementor-element elementor-element-9162296 elementor-view-default elementor-widget elementor-widget-icon\" data-id=\"9162296\" data-element_type=\"widget\" data-e-type=\"widget\" data-widget_type=\"icon.default\">\n\t\t\t\t<div class=\"elementor-widget-container\">\n\t\t\t\t\t\t\t<div class=\"elementor-icon-wrapper\">\n\t\t\t<div class=\"elementor-icon\">\n\t\t\t<svg xmlns=\"http:\/\/www.w3.org\/2000\/svg\" viewbox=\"0 0 271.685 40\"><path d=\"M180.64 28.079V12.18h3v13.5h12.374v2.399H180.64zm21.673 0h-3V12.217h3v15.862zm21.149-13.537H210.9v11.175h12.562v-4.35h-6.487v-2.175h9.487v5.138c0 1.449-.276 2.437-.825 2.962s-1.575.787-3.075.787H211.8c-1.525 0-2.557-.263-3.094-.787s-.806-1.513-.806-2.962v-8.363c0-1.449.274-2.442.825-2.981s1.575-.806 3.075-.806h10.762c1.425 0 2.431.257 3.019.769s.881 1.444.881 2.793v.451l-3 .524v-2.175zm8.325 13.537V12.217h3v6.375h12.674v-6.375h3v15.862h-3v-7.087h-12.674v7.087h-3zm32.361-13.537v13.537h-3V14.542h-7.5V12.18h18.037v2.362h-7.537z\" fill=\"#0082b8\"><\/path><path d=\"M0 28.086V8.736h3.225v16.65h14.662v2.699H0zm66.672-13.537H54.11v11.175h12.562v-4.35h-6.487v-2.175h9.487v5.138c0 1.449-.276 2.437-.825 2.962s-1.575.787-3.075.787H55.01c-1.525 0-2.557-.263-3.094-.787s-.807-1.513-.807-2.962v-8.363c0-1.449.275-2.442.826-2.981s1.575-.806 3.075-.806h10.762c1.425 0 2.431.257 3.019.769s.881 1.443.881 2.793v.45l-3 .525v-2.175zm11.249 13.537h-3V12.224h3v15.862zm14.812-16.725v16.725h-3.225V11.361h-8.85V8.736h20.962v2.625h-8.887zm10.724 16.725V12.187h16.012v2.362h-13.012v4.087h7.837v2.363h-7.837v4.762h13.163v2.325h-16.163zm20.474 0V12.187h12.817c2.23 0 3.345 1.025 3.345 3.075v3.562c0 2.024-1.115 3.037-3.346 3.037h-2.104l7.012 6.225h-4.013l-6.347-6.225h-4.364v6.225h-3zm11.475-13.537h-8.475v5.101h8.475c.799 0 1.299-.187 1.499-.56.125-.223.188-.57.188-1.042V16.15c0-1.068-.563-1.601-1.687-1.601zm12.599.599l.075 2.213v10.725h-2.475V12.187h2.475l7.912 10.312 7.274-10.312h2.775v15.899h-2.775V17.361c0-.774.062-1.513.188-2.213-.351 1-.701 1.738-1.05 2.213l-6.113 8.212h-.788l-6.337-8.137c-.474-.6-.861-1.362-1.161-2.288z\" fill=\"#5f6062\"><\/path><path d=\"M21.599 30.264c-.523-1.464-.807-3.041-.807-4.684 0-6.832 4.925-12.518 11.421-13.698v4.147c-4.24 1.108-7.37 4.964-7.37 9.551a9.9 9.9 0 0 0 .351 2.608l-3.595 2.076h0zm23.724 4.332c-2.553 3.001-6.357 4.909-10.607 4.909a13.89 13.89 0 0 1-10.609-4.909l3.591-2.074c1.79 1.81 4.272 2.929 7.017 2.929a9.83 9.83 0 0 0 7.017-2.929l3.591 2.074h0zm-8.105-22.714c6.494 1.181 11.421 6.866 11.421 13.698a13.85 13.85 0 0 1-.81 4.684l-3.593-2.075a9.86 9.86 0 0 0 .35-2.608c0-4.587-3.129-8.442-7.368-9.549v-4.15h0z\" fill=\"#0082b8\" fill-rule=\"evenodd\"><\/path><\/svg>\t\t\t<\/div>\n\t\t<\/div>\n\t\t\t\t\t\t<\/div>\n\t\t\t\t<\/div>\n\t\t\t\t<div class=\"elementor-element elementor-element-c54ddaa elementor-widget elementor-widget-heading\" data-id=\"c54ddaa\" data-element_type=\"widget\" data-e-type=\"widget\" data-widget_type=\"heading.default\">\n\t\t\t\t<div class=\"elementor-widget-container\">\n\t\t\t\t\t<h2 class=\"elementor-heading-title elementor-size-default\">Translation basics<\/h2>\t\t\t\t<\/div>\n\t\t\t\t<\/div>\n\t\t\t\t<div class=\"elementor-element elementor-element-3e7ec4d elementor-widget elementor-widget-text-editor\" data-id=\"3e7ec4d\" data-element_type=\"widget\" data-e-type=\"widget\" data-widget_type=\"text-editor.default\">\n\t\t\t\t<div class=\"elementor-widget-container\">\n\t\t\t\t\t\t\t\t\t<p>The essentials of LogiTerm in a free version<\/p>\t\t\t\t\t\t\t\t<\/div>\n\t\t\t\t<\/div>\n\t\t\t\t\t<\/div>\n\t\t\t\t<\/div>\n\t\t<div class=\"elementor-element elementor-element-0bfccfb e-grid e-con-boxed e-con e-parent\" data-id=\"0bfccfb\" data-element_type=\"container\" data-e-type=\"container\">\n\t\t\t\t\t<div class=\"e-con-inner\">\n\t\t<div class=\"elementor-element elementor-element-3242f5a e-con-full e-flex e-con e-child\" data-id=\"3242f5a\" data-element_type=\"container\" data-e-type=\"container\">\n\t\t\t\t<div class=\"elementor-element elementor-element-49c9d98 elementor-widget elementor-widget-button\" data-id=\"49c9d98\" data-element_type=\"widget\" data-e-type=\"widget\" data-no-translation=\"\" data-widget_type=\"button.default\">\n\t\t\t\t<div class=\"elementor-widget-container\">\n\t\t\t\t\t<style>.elementor-element-49c9d98{display:none !important}<\/style>\t\t\t\t<\/div>\n\t\t\t\t<\/div>\n\t\t\t\t<div class=\"elementor-element elementor-element-cf95bb6 elementor-widget elementor-widget-button\" data-id=\"cf95bb6\" data-element_type=\"widget\" data-e-type=\"widget\" data-no-translation=\"\" data-widget_type=\"button.default\">\n\t\t\t\t<div class=\"elementor-widget-container\">\n\t\t\t\t\t\t\t\t\t<div class=\"elementor-button-wrapper\">\n\t\t\t\t\t<a class=\"elementor-button elementor-button-link elementor-size-sm\" href=\"#elementor-action%3Aaction%3Dpopup%3Aopen%26settings%3DeyJpZCI6IjY2NTAiLCJ0b2dnbGUiOmZhbHNlfQ%3D%3D\" target=\"_blank\">\n\t\t\t\t\t\t<span class=\"elementor-button-content-wrapper\">\n\t\t\t\t\t\t\t\t\t<span class=\"elementor-button-text\">Submit request<\/span>\n\t\t\t\t\t<\/span>\n\t\t\t\t\t<\/a>\n\t\t\t\t<\/div>\n\t\t\t\t\t\t\t\t<\/div>\n\t\t\t\t<\/div>\n\t\t\t\t<\/div>\n\t\t\t\t\t<\/div>\n\t\t\t\t<\/div>\n\t\t<div class=\"elementor-element elementor-element-88962e3 e-flex e-con-boxed e-con e-parent\" data-id=\"88962e3\" data-element_type=\"container\" data-e-type=\"container\">\n\t\t\t\t\t<div class=\"e-con-inner\">\n\t\t<div class=\"elementor-element elementor-element-b23b554 e-con-full e-flex e-con e-child\" data-id=\"b23b554\" data-element_type=\"container\" data-e-type=\"container\">\n\t\t<div class=\"elementor-element elementor-element-cc2165e e-con-full e-flex e-con e-child\" data-id=\"cc2165e\" data-element_type=\"container\" data-e-type=\"container\">\n\t\t\t\t<div class=\"elementor-element elementor-element-262ddcb elementor-widget elementor-widget-heading\" data-id=\"262ddcb\" data-element_type=\"widget\" data-e-type=\"widget\" data-widget_type=\"heading.default\">\n\t\t\t\t<div class=\"elementor-widget-container\">\n\t\t\t\t\t<h2 class=\"elementor-heading-title elementor-size-default\">LogiTerm Light<\/h2>\t\t\t\t<\/div>\n\t\t\t\t<\/div>\n\t\t\t\t<\/div>\n\t\t\t\t<div class=\"elementor-element elementor-element-3d89b3a elementor-widget elementor-widget-text-editor\" data-id=\"3d89b3a\" data-element_type=\"widget\" data-e-type=\"widget\" data-widget_type=\"text-editor.default\">\n\t\t\t\t<div class=\"elementor-widget-container\">\n\t\t\t\t\t\t\t\t\t<p><strong>LogiTerm Light<\/strong> is a new, free version of our renowned computer-aided translation tool. It is specifically geared to students and freelancers at the beginning of their careers.<\/p>\t\t\t\t\t\t\t\t<\/div>\n\t\t\t\t<\/div>\n\t\t\t\t<div class=\"elementor-element elementor-element-b18d38a elementor-widget elementor-widget-text-editor\" data-id=\"b18d38a\" data-element_type=\"widget\" data-e-type=\"widget\" data-widget_type=\"text-editor.default\">\n\t\t\t\t<div class=\"elementor-widget-container\">\n\t\t\t\t\t\t\t\t\t<p>It is ideal for learners who wish to become familiar with translation industry tools, for self-employed translators who seek a reliable, free solution to start up their business, or for language professionals who wish to explore the possibilities offered by LogiTerm.<\/p><p>LogiTerm Light is only compatible with Word, Excel, PowerPoint and .txt files. It can process up to three documents at a time. Document conversion functions are not available. TAIGR integration is not possible.<\/p><p><strong><strong>LogiTerm Light licences are for a duration of one year. No support is provided.<\/strong><\/strong><\/p>\t\t\t\t\t\t\t\t<\/div>\n\t\t\t\t<\/div>\n\t\t\t\t<\/div>\n\t\t\t\t\t<\/div>\n\t\t\t\t<\/div>\n\t\t\t\t<\/div>","protected":false},"excerpt":{"rendered":"<p>L\u2019essentiel de la traduction Les fonctionnalit\u00e9s de base de LogiTerm dans une version gratuite Submit request LogiTerm Light LogiTerm Light est une nouvelle version gratuite de notre c\u00e9l\u00e8bre outil d\u2019aide \u00e0 la traduction, pens\u00e9e sp\u00e9cialement pour les \u00e9tudiants et les travailleurs autonomes en d\u00e9but de carri\u00e8re. Il est id\u00e9al pour les \u00e9tudiants souhaitant se familiariser [&hellip;]<\/p>","protected":false},"author":2,"featured_media":0,"parent":0,"menu_order":0,"comment_status":"closed","ping_status":"closed","template":"","meta":{"footnotes":""},"class_list":["post-5924","page","type-page","status-publish","hentry"],"yoast_head":"<!-- This site is optimized with the Yoast SEO plugin v26.9 - https:\/\/yoast.com\/product\/yoast-seo-wordpress\/ -->\r\n<title>LogiTerm Light - Outil de traduction gratuit<\/title>\r\n<meta name=\"description\" content=\"LogiTerm Light est la version gratuite de LogiTerm, con\u00e7ue pour les \u00e9tudiants et traducteurs autonomes d\u00e9butants. D\u00e9couvrez les essentiels de la traduction sans frais.\" \/>\r\n<meta name=\"robots\" content=\"index, follow, max-snippet:-1, max-image-preview:large, max-video-preview:-1\" \/>\r\n<link rel=\"canonical\" href=\"https:\/\/terminotix.com\/en\/logiterm-light\/\" \/>\r\n<meta property=\"og:locale\" content=\"en_US\" \/>\r\n<meta property=\"og:type\" content=\"article\" \/>\r\n<meta property=\"og:title\" content=\"LogiTerm Light - Outil de traduction gratuit\" \/>\r\n<meta property=\"og:description\" content=\"LogiTerm Light est la version gratuite de LogiTerm, con\u00e7ue pour les \u00e9tudiants et traducteurs autonomes d\u00e9butants. D\u00e9couvrez les essentiels de la traduction sans frais.\" \/>\r\n<meta property=\"og:url\" content=\"https:\/\/terminotix.com\/en\/logiterm-light\/\" \/>\r\n<meta property=\"og:site_name\" content=\"Terminotix Inc.\" \/>\r\n<meta property=\"article:publisher\" content=\"https:\/\/www.facebook.com\/Terminotix\" \/>\r\n<meta property=\"article:modified_time\" content=\"2026-03-30T14:41:36+00:00\" \/>\r\n<meta property=\"og:image\" content=\"https:\/\/terminotix.com\/wp-content\/uploads\/2025\/03\/blue_gears_grad-scaled.png\" \/>\r\n<meta name=\"twitter:card\" content=\"summary_large_image\" \/>\r\n<meta name=\"twitter:site\" content=\"@terminotix\" \/>\r\n<meta name=\"twitter:label1\" content=\"Est. reading time\" \/>\n\t<meta name=\"twitter:data1\" content=\"1 minute\" \/>\r\n<script type=\"application\/ld+json\" class=\"yoast-schema-graph\">{\"@context\":\"https:\/\/schema.org\",\"@graph\":[{\"@type\":\"WebPage\",\"@id\":\"https:\/\/terminotix.com\/logiterm-light\/\",\"url\":\"https:\/\/terminotix.com\/logiterm-light\/\",\"name\":\"LogiTerm Light - Outil de traduction gratuit\",\"isPartOf\":{\"@id\":\"https:\/\/terminotix.com\/#website\"},\"primaryImageOfPage\":{\"@id\":\"https:\/\/terminotix.com\/logiterm-light\/#primaryimage\"},\"image\":{\"@id\":\"https:\/\/terminotix.com\/logiterm-light\/#primaryimage\"},\"thumbnailUrl\":\"https:\/\/terminotix.com\/wp-content\/uploads\/2025\/03\/blue_gears_grad-scaled.png\",\"datePublished\":\"2026-01-27T14:24:01+00:00\",\"dateModified\":\"2026-03-30T14:41:36+00:00\",\"description\":\"LogiTerm Light est la version gratuite de LogiTerm, con\u00e7ue pour les \u00e9tudiants et traducteurs autonomes d\u00e9butants. D\u00e9couvrez les essentiels de la traduction sans frais.\",\"breadcrumb\":{\"@id\":\"https:\/\/terminotix.com\/logiterm-light\/#breadcrumb\"},\"inLanguage\":\"en-CA\",\"potentialAction\":[{\"@type\":\"ReadAction\",\"target\":[\"https:\/\/terminotix.com\/logiterm-light\/\"]}]},{\"@type\":\"ImageObject\",\"inLanguage\":\"en-CA\",\"@id\":\"https:\/\/terminotix.com\/logiterm-light\/#primaryimage\",\"url\":\"https:\/\/terminotix.com\/wp-content\/uploads\/2025\/03\/blue_gears_grad-scaled.png\",\"contentUrl\":\"https:\/\/terminotix.com\/wp-content\/uploads\/2025\/03\/blue_gears_grad-scaled.png\"},{\"@type\":\"BreadcrumbList\",\"@id\":\"https:\/\/terminotix.com\/logiterm-light\/#breadcrumb\",\"itemListElement\":[{\"@type\":\"ListItem\",\"position\":1,\"name\":\"Accueil\",\"item\":\"https:\/\/terminotix.com\/\"},{\"@type\":\"ListItem\",\"position\":2,\"name\":\"LogiTerm Light\"}]},{\"@type\":\"WebSite\",\"@id\":\"https:\/\/terminotix.com\/#website\",\"url\":\"https:\/\/terminotix.com\/\",\"name\":\"Terminotix\",\"description\":\"Terminotix est une compagnie de d\u00e9veloppement de logiciel dont la mission est d\u2019aider les services linguistiques et les fournisseurs de services de traduction \u00e0 accro\u00eetre leur productivit\u00e9 en automatisant et en am\u00e9liorant leurs processus de traduction.\",\"publisher\":{\"@id\":\"https:\/\/terminotix.com\/#organization\"},\"potentialAction\":[{\"@type\":\"SearchAction\",\"target\":{\"@type\":\"EntryPoint\",\"urlTemplate\":\"https:\/\/terminotix.com\/?s={search_term_string}\"},\"query-input\":{\"@type\":\"PropertyValueSpecification\",\"valueRequired\":true,\"valueName\":\"search_term_string\"}}],\"inLanguage\":\"en-CA\"},{\"@type\":\"Organization\",\"@id\":\"https:\/\/terminotix.com\/#organization\",\"name\":\"Terminotix Inc.\",\"url\":\"https:\/\/terminotix.com\/\",\"logo\":{\"@type\":\"ImageObject\",\"inLanguage\":\"en-CA\",\"@id\":\"https:\/\/terminotix.com\/#\/schema\/logo\/image\/\",\"url\":\"https:\/\/terminotix.com\/wp-content\/uploads\/2025\/05\/app_logo.png\",\"contentUrl\":\"https:\/\/terminotix.com\/wp-content\/uploads\/2025\/05\/app_logo.png\",\"width\":87,\"height\":87,\"caption\":\"Terminotix Inc.\"},\"image\":{\"@id\":\"https:\/\/terminotix.com\/#\/schema\/logo\/image\/\"},\"sameAs\":[\"https:\/\/www.facebook.com\/Terminotix\",\"https:\/\/x.com\/terminotix\",\"https:\/\/www.youtube.com\/user\/Terminotix\",\"https:\/\/ca.linkedin.com\/company\/terminotix\"]}]}<\/script>\r\n<!-- \/ Yoast SEO plugin. -->","yoast_head_json":{"title":"LogiTerm Light - Outil de traduction gratuit","description":"LogiTerm Light est la version gratuite de LogiTerm, con\u00e7ue pour les \u00e9tudiants et traducteurs autonomes d\u00e9butants. D\u00e9couvrez les essentiels de la traduction sans frais.","robots":{"index":"index","follow":"follow","max-snippet":"max-snippet:-1","max-image-preview":"max-image-preview:large","max-video-preview":"max-video-preview:-1"},"canonical":"https:\/\/terminotix.com\/en\/logiterm-light\/","og_locale":"en_US","og_type":"article","og_title":"LogiTerm Light - Outil de traduction gratuit","og_description":"LogiTerm Light est la version gratuite de LogiTerm, con\u00e7ue pour les \u00e9tudiants et traducteurs autonomes d\u00e9butants. D\u00e9couvrez les essentiels de la traduction sans frais.","og_url":"https:\/\/terminotix.com\/en\/logiterm-light\/","og_site_name":"Terminotix Inc.","article_publisher":"https:\/\/www.facebook.com\/Terminotix","article_modified_time":"2026-03-30T14:41:36+00:00","og_image":[{"url":"https:\/\/terminotix.com\/wp-content\/uploads\/2025\/03\/blue_gears_grad-scaled.png","type":"","width":"","height":""}],"twitter_card":"summary_large_image","twitter_site":"@terminotix","twitter_misc":{"Est. reading time":"1 minute"},"schema":{"@context":"https:\/\/schema.org","@graph":[{"@type":"WebPage","@id":"https:\/\/terminotix.com\/logiterm-light\/","url":"https:\/\/terminotix.com\/logiterm-light\/","name":"LogiTerm Light - Outil de traduction gratuit","isPartOf":{"@id":"https:\/\/terminotix.com\/#website"},"primaryImageOfPage":{"@id":"https:\/\/terminotix.com\/logiterm-light\/#primaryimage"},"image":{"@id":"https:\/\/terminotix.com\/logiterm-light\/#primaryimage"},"thumbnailUrl":"https:\/\/terminotix.com\/wp-content\/uploads\/2025\/03\/blue_gears_grad-scaled.png","datePublished":"2026-01-27T14:24:01+00:00","dateModified":"2026-03-30T14:41:36+00:00","description":"LogiTerm Light est la version gratuite de LogiTerm, con\u00e7ue pour les \u00e9tudiants et traducteurs autonomes d\u00e9butants. D\u00e9couvrez les essentiels de la traduction sans frais.","breadcrumb":{"@id":"https:\/\/terminotix.com\/logiterm-light\/#breadcrumb"},"inLanguage":"en-CA","potentialAction":[{"@type":"ReadAction","target":["https:\/\/terminotix.com\/logiterm-light\/"]}]},{"@type":"ImageObject","inLanguage":"en-CA","@id":"https:\/\/terminotix.com\/logiterm-light\/#primaryimage","url":"https:\/\/terminotix.com\/wp-content\/uploads\/2025\/03\/blue_gears_grad-scaled.png","contentUrl":"https:\/\/terminotix.com\/wp-content\/uploads\/2025\/03\/blue_gears_grad-scaled.png"},{"@type":"BreadcrumbList","@id":"https:\/\/terminotix.com\/logiterm-light\/#breadcrumb","itemListElement":[{"@type":"ListItem","position":1,"name":"Accueil","item":"https:\/\/terminotix.com\/"},{"@type":"ListItem","position":2,"name":"LogiTerm Light"}]},{"@type":"WebSite","@id":"https:\/\/terminotix.com\/#website","url":"https:\/\/terminotix.com\/","name":"Terminotix","description":"Terminotix is a software company with a mission to help language service departments and translation providers improve productivity by automating and enhancing their translation processes.","publisher":{"@id":"https:\/\/terminotix.com\/#organization"},"potentialAction":[{"@type":"SearchAction","target":{"@type":"EntryPoint","urlTemplate":"https:\/\/terminotix.com\/?s={search_term_string}"},"query-input":{"@type":"PropertyValueSpecification","valueRequired":true,"valueName":"search_term_string"}}],"inLanguage":"en-CA"},{"@type":"Organization","@id":"https:\/\/terminotix.com\/#organization","name":"Terminotix Inc.","url":"https:\/\/terminotix.com\/","logo":{"@type":"ImageObject","inLanguage":"en-CA","@id":"https:\/\/terminotix.com\/#\/schema\/logo\/image\/","url":"https:\/\/terminotix.com\/wp-content\/uploads\/2025\/05\/app_logo.png","contentUrl":"https:\/\/terminotix.com\/wp-content\/uploads\/2025\/05\/app_logo.png","width":87,"height":87,"caption":"Terminotix Inc."},"image":{"@id":"https:\/\/terminotix.com\/#\/schema\/logo\/image\/"},"sameAs":["https:\/\/www.facebook.com\/Terminotix","https:\/\/x.com\/terminotix","https:\/\/www.youtube.com\/user\/Terminotix","https:\/\/ca.linkedin.com\/company\/terminotix"]}]}},"_links":{"self":[{"href":"https:\/\/terminotix.com\/en\/wp-json\/wp\/v2\/pages\/5924","targetHints":{"allow":["GET"]}}],"collection":[{"href":"https:\/\/terminotix.com\/en\/wp-json\/wp\/v2\/pages"}],"about":[{"href":"https:\/\/terminotix.com\/en\/wp-json\/wp\/v2\/types\/page"}],"author":[{"embeddable":true,"href":"https:\/\/terminotix.com\/en\/wp-json\/wp\/v2\/users\/2"}],"replies":[{"embeddable":true,"href":"https:\/\/terminotix.com\/en\/wp-json\/wp\/v2\/comments?post=5924"}],"version-history":[{"count":59,"href":"https:\/\/terminotix.com\/en\/wp-json\/wp\/v2\/pages\/5924\/revisions"}],"predecessor-version":[{"id":7001,"href":"https:\/\/terminotix.com\/en\/wp-json\/wp\/v2\/pages\/5924\/revisions\/7001"}],"wp:attachment":[{"href":"https:\/\/terminotix.com\/en\/wp-json\/wp\/v2\/media?parent=5924"}],"curies":[{"name":"wp","href":"https:\/\/api.w.org\/{rel}","templated":true}]}}