{"id":89,"date":"2025-03-28T12:07:34","date_gmt":"2025-03-28T16:07:34","guid":{"rendered":"http:\/\/txsiteweb.terminotix.local\/index.php\/alignyou\/"},"modified":"2026-03-30T09:10:04","modified_gmt":"2026-03-30T13:10:04","slug":"alignfactory-youalign","status":"publish","type":"page","link":"https:\/\/terminotix.com\/en\/alignfactory-youalign\/","title":{"rendered":"AlignFactory YouAlign"},"content":{"rendered":"<div data-elementor-type=\"wp-page\" data-elementor-id=\"89\" class=\"elementor elementor-89\" data-elementor-post-type=\"page\">\n\t\t\t\t<div class=\"elementor-element elementor-element-79143e32 e-con-full e-flex e-con e-parent\" data-id=\"79143e32\" data-element_type=\"container\" data-e-type=\"container\">\n\t\t\t\t<div class=\"elementor-element elementor-element-4bdf3ee7 elementor-widget elementor-widget-image\" data-id=\"4bdf3ee7\" data-element_type=\"widget\" data-e-type=\"widget\" data-widget_type=\"image.default\">\n\t\t\t\t<div class=\"elementor-widget-container\">\n\t\t\t\t\t\t\t\t\t\t\t\t\t\t\t<img fetchpriority=\"high\" decoding=\"async\" width=\"3999\" height=\"911\" src=\"https:\/\/terminotix.com\/wp-content\/uploads\/2025\/03\/red_gears_grad-scaled.png\" class=\"attachment-full size-full wp-image-287\" alt=\"\" \/>\t\t\t\t\t\t\t\t\t\t\t\t\t\t\t<\/div>\n\t\t\t\t<\/div>\n\t\t\t\t<\/div>\n\t\t<div class=\"elementor-element elementor-element-aafa333 e-flex e-con-boxed e-con e-parent\" data-id=\"aafa333\" data-element_type=\"container\" data-e-type=\"container\">\n\t\t\t\t\t<div class=\"e-con-inner\">\n\t\t\t\t<div class=\"elementor-element elementor-element-1c3f7cc4 elementor-view-default elementor-widget elementor-widget-icon\" data-id=\"1c3f7cc4\" data-element_type=\"widget\" data-e-type=\"widget\" data-widget_type=\"icon.default\">\n\t\t\t\t<div class=\"elementor-widget-container\">\n\t\t\t\t\t\t\t<div class=\"elementor-icon-wrapper\">\n\t\t\t<div class=\"elementor-icon\">\n\t\t\t<svg xmlns=\"http:\/\/www.w3.org\/2000\/svg\" id=\"Calque_1\" viewbox=\"0 0 164.48 31.01\"><defs><style>      .cls-71 {        fill: #656264;      }      .cls-81 {        fill: #b31833;        fill-rule: evenodd;      }    <\/style><\/defs><g><path class=\"cls-71\" d=\"M9.64,18.99v-8.28L0,0h3.94l7.43,8.46L18.47,0h3.86l-9.53,10.63v8.35h-3.16Z\"><\/path><path class=\"cls-71\" d=\"M50.49,3.38v13.28h11.41V3.38h2.94v11.92c0,1.42-.26,2.39-.79,2.91-.53.52-1.54.77-3.03.77h-9.66c-1.47,0-2.47-.26-3.01-.77-.54-.51-.81-1.48-.81-2.91V3.38h2.94Z\"><\/path><path class=\"cls-71\" d=\"M68.41,18.99L78.79,0h3.39l10.56,18.99h-3.5l-2.43-4.67h-12.84l-2.43,4.67h-3.13ZM75.29,11.88h10.23l-5.12-9.71-5.11,9.71Z\"><\/path><path class=\"cls-71\" d=\"M96.26,18.99V3.38h2.94v13.25h12.14v2.36h-15.09Z\"><\/path><path class=\"cls-71\" d=\"M117.53,18.99h-2.94V3.42h2.94v15.57Z\"><\/path><path class=\"cls-71\" d=\"M138.28,5.7h-12.33v10.97h12.33v-4.27h-6.37v-2.13h9.31v5.04c0,1.42-.27,2.39-.81,2.91-.54.52-1.55.77-3.02.77h-10.56c-1.5,0-2.51-.26-3.04-.77-.53-.51-.79-1.48-.79-2.91V7.1c0-1.42.27-2.4.81-2.93.54-.53,1.55-.79,3.02-.79h10.56c1.4,0,2.39.25,2.96.75.58.5.86,1.42.86,2.74v.44l-2.94.51v-2.13Z\"><\/path><path class=\"cls-71\" d=\"M148.96,6.51c.15.91.22,1.84.22,2.8v9.68h-2.72V3.38h2.25l11.44,10.19c.71.64,1.34,1.35,1.88,2.13-.17-.93-.26-1.9-.26-2.91V3.38h2.72v15.6h-2.02l-11.66-10.34c-.79-.69-1.4-1.4-1.84-2.13Z\"><\/path><\/g><g><path class=\"cls-81\" d=\"M18.17,21.94c-.51-1.43-.79-2.98-.79-4.59,0-6.7,4.83-12.28,11.21-13.44v4.07c-4.16,1.09-7.23,4.87-7.23,9.37,0,.88.12,1.74.34,2.56l-3.53,2.03h0Z\"><\/path><path class=\"cls-81\" d=\"M41.45,26.2c-2.5,2.94-6.24,4.82-10.41,4.82s-7.9-1.87-10.41-4.82l3.52-2.03c1.76,1.77,4.19,2.87,6.89,2.87s5.13-1.09,6.88-2.87l3.52,2.03h0Z\"><\/path><path class=\"cls-81\" d=\"M33.5,3.91c6.37,1.16,11.21,6.74,11.21,13.44,0,1.61-.28,3.16-.79,4.59l-3.53-2.03c.22-.82.34-1.68.34-2.56,0-4.5-3.07-8.29-7.23-9.37V3.91h0Z\"><\/path><\/g><\/svg>\t\t\t<\/div>\n\t\t<\/div>\n\t\t\t\t\t\t<\/div>\n\t\t\t\t<\/div>\n\t\t\t\t<div class=\"elementor-element elementor-element-6c99658e elementor-widget elementor-widget-heading\" data-id=\"6c99658e\" data-element_type=\"widget\" data-e-type=\"widget\" data-widget_type=\"heading.default\">\n\t\t\t\t<div class=\"elementor-widget-container\">\n\t\t\t\t\t<h2 class=\"elementor-heading-title elementor-size-default\">Free online document alignment engine<\/h2>\t\t\t\t<\/div>\n\t\t\t\t<\/div>\n\t\t\t\t<div class=\"elementor-element elementor-element-dac7977 elementor-widget elementor-widget-text-editor\" data-id=\"dac7977\" data-element_type=\"widget\" data-e-type=\"widget\" data-widget_type=\"text-editor.default\">\n\t\t\t\t<div class=\"elementor-widget-container\">\n\t\t\t\t\t\t\t\t\t<p>Web alignment tool with no software to buy or install<\/p>\t\t\t\t\t\t\t\t<\/div>\n\t\t\t\t<\/div>\n\t\t\t\t\t<\/div>\n\t\t\t\t<\/div>\n\t\t<div class=\"elementor-element elementor-element-53a70ca e-grid e-con-boxed e-con e-parent\" data-id=\"53a70ca\" data-element_type=\"container\" data-e-type=\"container\">\n\t\t\t\t\t<div class=\"e-con-inner\">\n\t\t\t\t<div class=\"elementor-element elementor-element-31469b7 elementor-widget elementor-widget-button\" data-id=\"31469b7\" data-element_type=\"widget\" data-e-type=\"widget\" data-no-translation=\"\" data-widget_type=\"button.default\">\n\t\t\t\t<div class=\"elementor-widget-container\">\n\t\t\t\t\t\t\t\t\t<div class=\"elementor-button-wrapper\">\n\t\t\t\t\t<a class=\"elementor-button elementor-button-link elementor-size-sm\" href=\"https:\/\/youalign.com\/default.aspx?\">\n\t\t\t\t\t\t<span class=\"elementor-button-content-wrapper\">\n\t\t\t\t\t\t\t\t\t<span class=\"elementor-button-text\">Free<\/span>\n\t\t\t\t\t<\/span>\n\t\t\t\t\t<\/a>\n\t\t\t\t<\/div>\n\t\t\t\t\t\t\t\t<\/div>\n\t\t\t\t<\/div>\n\t\t\t\t<div class=\"elementor-element elementor-element-639683b elementor-widget elementor-widget-button\" data-id=\"639683b\" data-element_type=\"widget\" data-e-type=\"widget\" data-no-translation=\"\" data-widget_type=\"button.default\">\n\t\t\t\t<div class=\"elementor-widget-container\">\n\t\t\t\t\t<style>.elementor-element-639683b{display:none !important}<\/style>\t\t\t\t<\/div>\n\t\t\t\t<\/div>\n\t\t\t\t\t<\/div>\n\t\t\t\t<\/div>\n\t\t<div class=\"elementor-element elementor-element-53622b49 e-grid e-con-boxed e-con e-parent\" data-id=\"53622b49\" data-element_type=\"container\" data-e-type=\"container\">\n\t\t\t\t\t<div class=\"e-con-inner\">\n\t\t<div class=\"elementor-element elementor-element-3e9134f6 e-con-full e-flex e-con e-child\" data-id=\"3e9134f6\" data-element_type=\"container\" data-e-type=\"container\">\n\t\t<div class=\"elementor-element elementor-element-4de983e e-con-full e-flex e-con e-child\" data-id=\"4de983e\" data-element_type=\"container\" data-e-type=\"container\">\n\t\t\t\t<div class=\"elementor-element elementor-element-6a34af3b elementor-widget elementor-widget-heading\" data-id=\"6a34af3b\" data-element_type=\"widget\" data-e-type=\"widget\" data-widget_type=\"heading.default\">\n\t\t\t\t<div class=\"elementor-widget-container\">\n\t\t\t\t\t<h2 class=\"elementor-heading-title elementor-size-default\">Free online document alignment engine<\/h2>\t\t\t\t<\/div>\n\t\t\t\t<\/div>\n\t\t\t\t<\/div>\n\t\t\t\t<div class=\"elementor-element elementor-element-46d43a2b elementor-widget elementor-widget-text-editor\" data-id=\"46d43a2b\" data-element_type=\"widget\" data-e-type=\"widget\" data-widget_type=\"text-editor.default\">\n\t\t\t\t<div class=\"elementor-widget-container\">\n\t\t\t\t\t\t\t\t\t<p><strong>YouAlign<\/strong> lets you quickly create <a href=\"https:\/\/terminotix.com\/en\/traduction\/\"><a href=\"https:\/\/terminotix.com\/en\/traduction\/\" target=\"_self\">LogiTerm<\/a><\/a> bitexts or TMX files to feed your translation memory software. A bitext is the result of the sentence-by-sentence alignment of a document and its translation. <strong>YouAlign<\/strong> can also create HTML files ready to publish online or use with a full-text search engine to search for terminology and phraseology in context.<\/p>\t\t\t\t\t\t\t\t<\/div>\n\t\t\t\t<\/div>\n\t\t\t\t<div class=\"elementor-element elementor-element-6d492457 elementor-widget elementor-widget-text-editor\" data-id=\"6d492457\" data-element_type=\"widget\" data-e-type=\"widget\" data-widget_type=\"text-editor.default\">\n\t\t\t\t<div class=\"elementor-widget-container\">\n\t\t\t\t\t\t\t\t\t<p><strong>YouAlign<\/strong>\u00a0is powered by the<a href=\"http:\/\/tix.test\/alignement-de-documents\/\">AlignFactory\u00a0<\/a>engine, which supports more than 100 file formats.<\/p>\t\t\t\t\t\t\t\t<\/div>\n\t\t\t\t<\/div>\n\t\t\t\t<\/div>\n\t\t\t\t<div class=\"elementor-element elementor-element-229e50e3 elementor-widget elementor-widget-image\" data-id=\"229e50e3\" data-element_type=\"widget\" data-e-type=\"widget\" data-no-translation=\"\" data-widget_type=\"image.default\">\n\t\t\t\t<div class=\"elementor-widget-container\">\n\t\t\t\t\t<style>.elementor-element-229e50e3{display:none !important}<\/style>\t\t\t\t<\/div>\n\t\t\t\t<\/div>\n\t\t\t\t<div class=\"elementor-element elementor-element-463529d elementor-widget elementor-widget-image\" data-id=\"463529d\" data-element_type=\"widget\" data-e-type=\"widget\" data-no-translation=\"\" data-widget_type=\"image.default\">\n\t\t\t\t<div class=\"elementor-widget-container\">\n\t\t\t\t\t\t\t\t\t\t\t\t\t\t\t\t<a href=\"https:\/\/terminotix.com\/wp-content\/uploads\/2026\/01\/YA_EN.png\" data-elementor-open-lightbox=\"yes\" data-e-action-hash=\"#elementor-action%3Aaction%3Dlightbox%26settings%3DeyJpZCI6NTQ4MCwidXJsIjoiaHR0cHM6XC9cL3Rlcm1pbm90aXguY29tXC93cC1jb250ZW50XC91cGxvYWRzXC8yMDI2XC8wMVwvWUFfRU4ucG5nIn0%3D\">\n\t\t\t\t\t\t\t<img decoding=\"async\" width=\"800\" height=\"438\" src=\"https:\/\/terminotix.com\/wp-content\/uploads\/2026\/01\/YA_EN.png\" class=\"attachment-large size-large wp-image-5480\" alt=\"\" srcset=\"https:\/\/terminotix.com\/wp-content\/uploads\/2026\/01\/YA_EN.png 980w, https:\/\/terminotix.com\/wp-content\/uploads\/2026\/01\/YA_EN-300x164.png 300w, https:\/\/terminotix.com\/wp-content\/uploads\/2026\/01\/YA_EN-768x421.png 768w, https:\/\/terminotix.com\/wp-content\/uploads\/2026\/01\/YA_EN-18x10.png 18w, https:\/\/terminotix.com\/wp-content\/uploads\/2026\/01\/YA_EN-600x329.png 600w\" sizes=\"(max-width: 800px) 100vw, 800px\" \/>\t\t\t\t\t\t\t\t<\/a>\n\t\t\t\t\t\t\t\t\t\t\t\t\t\t\t<\/div>\n\t\t\t\t<\/div>\n\t\t\t\t\t<\/div>\n\t\t\t\t<\/div>\n\t\t\t\t<\/div>","protected":false},"excerpt":{"rendered":"<p>Moteur gratuit d&rsquo;alignement de documents en ligne Outil d&rsquo;alignement web sans aucun logiciel \u00e0 acheter ni \u00e0 installer Free Moteur gratuit d&rsquo;alignement de documents en ligne YouAlign permet de cr\u00e9er rapidement des bitextes LogiTerm ou des fichiers TMX pour alimenter votre m\u00e9moire de traduction. Un bitexte est le r\u00e9sultat de l&rsquo;alignement, phrase \u00e0 phrase, d&rsquo;un [&hellip;]<\/p>","protected":false},"author":2,"featured_media":0,"parent":0,"menu_order":0,"comment_status":"closed","ping_status":"closed","template":"","meta":{"footnotes":""},"class_list":["post-89","page","type-page","status-publish","hentry"],"yoast_head":"<!-- This site is optimized with the Yoast SEO plugin v26.9 - https:\/\/yoast.com\/product\/yoast-seo-wordpress\/ -->\r\n<title>AlignFactory YouAlign - Outil gratuit d&#039;alignement de documents en ligne<\/title>\r\n<meta name=\"description\" content=\"YouAlign est un outil gratuit d&#039;alignement de documents en ligne. Cr\u00e9ez des bitextes LogiTerm ou des fichiers TMX sans logiciel \u00e0 installer. Plus de 100 formats accept\u00e9s.\" \/>\r\n<meta name=\"robots\" content=\"index, follow, max-snippet:-1, max-image-preview:large, max-video-preview:-1\" \/>\r\n<link rel=\"canonical\" href=\"https:\/\/terminotix.com\/en\/alignfactory-youalign\/\" \/>\r\n<meta property=\"og:locale\" content=\"en_US\" \/>\r\n<meta property=\"og:type\" content=\"article\" \/>\r\n<meta property=\"og:title\" content=\"AlignFactory YouAlign - Outil gratuit d&#039;alignement de documents en ligne\" \/>\r\n<meta property=\"og:description\" content=\"YouAlign est un outil gratuit d&#039;alignement de documents en ligne. Cr\u00e9ez des bitextes LogiTerm ou des fichiers TMX sans logiciel \u00e0 installer. Plus de 100 formats accept\u00e9s.\" \/>\r\n<meta property=\"og:url\" content=\"https:\/\/terminotix.com\/en\/alignfactory-youalign\/\" \/>\r\n<meta property=\"og:site_name\" content=\"Terminotix Inc.\" \/>\r\n<meta property=\"article:publisher\" content=\"https:\/\/www.facebook.com\/Terminotix\" \/>\r\n<meta property=\"article:modified_time\" content=\"2026-03-30T13:10:04+00:00\" \/>\r\n<meta property=\"og:image\" content=\"https:\/\/terminotix.com\/wp-content\/uploads\/2025\/03\/red_gears_grad-scaled.png\" \/>\r\n<meta name=\"twitter:card\" content=\"summary_large_image\" \/>\r\n<meta name=\"twitter:site\" content=\"@terminotix\" \/>\r\n<meta name=\"twitter:label1\" content=\"Est. reading time\" \/>\n\t<meta name=\"twitter:data1\" content=\"1 minute\" \/>\r\n<script type=\"application\/ld+json\" class=\"yoast-schema-graph\">{\"@context\":\"https:\/\/schema.org\",\"@graph\":[{\"@type\":\"WebPage\",\"@id\":\"https:\/\/terminotix.com\/alignfactory-youalign\/\",\"url\":\"https:\/\/terminotix.com\/alignfactory-youalign\/\",\"name\":\"AlignFactory YouAlign - Outil gratuit d'alignement de documents en ligne\",\"isPartOf\":{\"@id\":\"https:\/\/terminotix.com\/#website\"},\"primaryImageOfPage\":{\"@id\":\"https:\/\/terminotix.com\/alignfactory-youalign\/#primaryimage\"},\"image\":{\"@id\":\"https:\/\/terminotix.com\/alignfactory-youalign\/#primaryimage\"},\"thumbnailUrl\":\"https:\/\/terminotix.com\/wp-content\/uploads\/2025\/03\/red_gears_grad-scaled.png\",\"datePublished\":\"2025-03-28T16:07:34+00:00\",\"dateModified\":\"2026-03-30T13:10:04+00:00\",\"description\":\"YouAlign est un outil gratuit d'alignement de documents en ligne. Cr\u00e9ez des bitextes LogiTerm ou des fichiers TMX sans logiciel \u00e0 installer. Plus de 100 formats accept\u00e9s.\",\"breadcrumb\":{\"@id\":\"https:\/\/terminotix.com\/alignfactory-youalign\/#breadcrumb\"},\"inLanguage\":\"en-CA\",\"potentialAction\":[{\"@type\":\"ReadAction\",\"target\":[\"https:\/\/terminotix.com\/alignfactory-youalign\/\"]}]},{\"@type\":\"ImageObject\",\"inLanguage\":\"en-CA\",\"@id\":\"https:\/\/terminotix.com\/alignfactory-youalign\/#primaryimage\",\"url\":\"https:\/\/terminotix.com\/wp-content\/uploads\/2025\/03\/red_gears_grad-scaled.png\",\"contentUrl\":\"https:\/\/terminotix.com\/wp-content\/uploads\/2025\/03\/red_gears_grad-scaled.png\"},{\"@type\":\"BreadcrumbList\",\"@id\":\"https:\/\/terminotix.com\/alignfactory-youalign\/#breadcrumb\",\"itemListElement\":[{\"@type\":\"ListItem\",\"position\":1,\"name\":\"Accueil\",\"item\":\"https:\/\/terminotix.com\/\"},{\"@type\":\"ListItem\",\"position\":2,\"name\":\"AlignFactory YouAlign\"}]},{\"@type\":\"WebSite\",\"@id\":\"https:\/\/terminotix.com\/#website\",\"url\":\"https:\/\/terminotix.com\/\",\"name\":\"Terminotix\",\"description\":\"Terminotix est une compagnie de d\u00e9veloppement de logiciel dont la mission est d\u2019aider les services linguistiques et les fournisseurs de services de traduction \u00e0 accro\u00eetre leur productivit\u00e9 en automatisant et en am\u00e9liorant leurs processus de traduction.\",\"publisher\":{\"@id\":\"https:\/\/terminotix.com\/#organization\"},\"potentialAction\":[{\"@type\":\"SearchAction\",\"target\":{\"@type\":\"EntryPoint\",\"urlTemplate\":\"https:\/\/terminotix.com\/?s={search_term_string}\"},\"query-input\":{\"@type\":\"PropertyValueSpecification\",\"valueRequired\":true,\"valueName\":\"search_term_string\"}}],\"inLanguage\":\"en-CA\"},{\"@type\":\"Organization\",\"@id\":\"https:\/\/terminotix.com\/#organization\",\"name\":\"Terminotix Inc.\",\"url\":\"https:\/\/terminotix.com\/\",\"logo\":{\"@type\":\"ImageObject\",\"inLanguage\":\"en-CA\",\"@id\":\"https:\/\/terminotix.com\/#\/schema\/logo\/image\/\",\"url\":\"https:\/\/terminotix.com\/wp-content\/uploads\/2025\/05\/app_logo.png\",\"contentUrl\":\"https:\/\/terminotix.com\/wp-content\/uploads\/2025\/05\/app_logo.png\",\"width\":87,\"height\":87,\"caption\":\"Terminotix Inc.\"},\"image\":{\"@id\":\"https:\/\/terminotix.com\/#\/schema\/logo\/image\/\"},\"sameAs\":[\"https:\/\/www.facebook.com\/Terminotix\",\"https:\/\/x.com\/terminotix\",\"https:\/\/www.youtube.com\/user\/Terminotix\",\"https:\/\/ca.linkedin.com\/company\/terminotix\"]}]}<\/script>\r\n<!-- \/ Yoast SEO plugin. -->","yoast_head_json":{"title":"AlignFactory YouAlign - Outil gratuit d'alignement de documents en ligne","description":"YouAlign est un outil gratuit d'alignement de documents en ligne. Cr\u00e9ez des bitextes LogiTerm ou des fichiers TMX sans logiciel \u00e0 installer. Plus de 100 formats accept\u00e9s.","robots":{"index":"index","follow":"follow","max-snippet":"max-snippet:-1","max-image-preview":"max-image-preview:large","max-video-preview":"max-video-preview:-1"},"canonical":"https:\/\/terminotix.com\/en\/alignfactory-youalign\/","og_locale":"en_US","og_type":"article","og_title":"AlignFactory YouAlign - Outil gratuit d'alignement de documents en ligne","og_description":"YouAlign est un outil gratuit d'alignement de documents en ligne. Cr\u00e9ez des bitextes LogiTerm ou des fichiers TMX sans logiciel \u00e0 installer. Plus de 100 formats accept\u00e9s.","og_url":"https:\/\/terminotix.com\/en\/alignfactory-youalign\/","og_site_name":"Terminotix Inc.","article_publisher":"https:\/\/www.facebook.com\/Terminotix","article_modified_time":"2026-03-30T13:10:04+00:00","og_image":[{"url":"https:\/\/terminotix.com\/wp-content\/uploads\/2025\/03\/red_gears_grad-scaled.png","type":"","width":"","height":""}],"twitter_card":"summary_large_image","twitter_site":"@terminotix","twitter_misc":{"Est. reading time":"1 minute"},"schema":{"@context":"https:\/\/schema.org","@graph":[{"@type":"WebPage","@id":"https:\/\/terminotix.com\/alignfactory-youalign\/","url":"https:\/\/terminotix.com\/alignfactory-youalign\/","name":"AlignFactory YouAlign - Outil gratuit d'alignement de documents en ligne","isPartOf":{"@id":"https:\/\/terminotix.com\/#website"},"primaryImageOfPage":{"@id":"https:\/\/terminotix.com\/alignfactory-youalign\/#primaryimage"},"image":{"@id":"https:\/\/terminotix.com\/alignfactory-youalign\/#primaryimage"},"thumbnailUrl":"https:\/\/terminotix.com\/wp-content\/uploads\/2025\/03\/red_gears_grad-scaled.png","datePublished":"2025-03-28T16:07:34+00:00","dateModified":"2026-03-30T13:10:04+00:00","description":"YouAlign est un outil gratuit d'alignement de documents en ligne. Cr\u00e9ez des bitextes LogiTerm ou des fichiers TMX sans logiciel \u00e0 installer. Plus de 100 formats accept\u00e9s.","breadcrumb":{"@id":"https:\/\/terminotix.com\/alignfactory-youalign\/#breadcrumb"},"inLanguage":"en-CA","potentialAction":[{"@type":"ReadAction","target":["https:\/\/terminotix.com\/alignfactory-youalign\/"]}]},{"@type":"ImageObject","inLanguage":"en-CA","@id":"https:\/\/terminotix.com\/alignfactory-youalign\/#primaryimage","url":"https:\/\/terminotix.com\/wp-content\/uploads\/2025\/03\/red_gears_grad-scaled.png","contentUrl":"https:\/\/terminotix.com\/wp-content\/uploads\/2025\/03\/red_gears_grad-scaled.png"},{"@type":"BreadcrumbList","@id":"https:\/\/terminotix.com\/alignfactory-youalign\/#breadcrumb","itemListElement":[{"@type":"ListItem","position":1,"name":"Accueil","item":"https:\/\/terminotix.com\/"},{"@type":"ListItem","position":2,"name":"AlignFactory YouAlign"}]},{"@type":"WebSite","@id":"https:\/\/terminotix.com\/#website","url":"https:\/\/terminotix.com\/","name":"Terminotix","description":"Terminotix is a software company with a mission to help language service departments and translation providers improve productivity by automating and enhancing their translation processes.","publisher":{"@id":"https:\/\/terminotix.com\/#organization"},"potentialAction":[{"@type":"SearchAction","target":{"@type":"EntryPoint","urlTemplate":"https:\/\/terminotix.com\/?s={search_term_string}"},"query-input":{"@type":"PropertyValueSpecification","valueRequired":true,"valueName":"search_term_string"}}],"inLanguage":"en-CA"},{"@type":"Organization","@id":"https:\/\/terminotix.com\/#organization","name":"Terminotix Inc.","url":"https:\/\/terminotix.com\/","logo":{"@type":"ImageObject","inLanguage":"en-CA","@id":"https:\/\/terminotix.com\/#\/schema\/logo\/image\/","url":"https:\/\/terminotix.com\/wp-content\/uploads\/2025\/05\/app_logo.png","contentUrl":"https:\/\/terminotix.com\/wp-content\/uploads\/2025\/05\/app_logo.png","width":87,"height":87,"caption":"Terminotix Inc."},"image":{"@id":"https:\/\/terminotix.com\/#\/schema\/logo\/image\/"},"sameAs":["https:\/\/www.facebook.com\/Terminotix","https:\/\/x.com\/terminotix","https:\/\/www.youtube.com\/user\/Terminotix","https:\/\/ca.linkedin.com\/company\/terminotix"]}]}},"_links":{"self":[{"href":"https:\/\/terminotix.com\/en\/wp-json\/wp\/v2\/pages\/89","targetHints":{"allow":["GET"]}}],"collection":[{"href":"https:\/\/terminotix.com\/en\/wp-json\/wp\/v2\/pages"}],"about":[{"href":"https:\/\/terminotix.com\/en\/wp-json\/wp\/v2\/types\/page"}],"author":[{"embeddable":true,"href":"https:\/\/terminotix.com\/en\/wp-json\/wp\/v2\/users\/2"}],"replies":[{"embeddable":true,"href":"https:\/\/terminotix.com\/en\/wp-json\/wp\/v2\/comments?post=89"}],"version-history":[{"count":50,"href":"https:\/\/terminotix.com\/en\/wp-json\/wp\/v2\/pages\/89\/revisions"}],"predecessor-version":[{"id":6486,"href":"https:\/\/terminotix.com\/en\/wp-json\/wp\/v2\/pages\/89\/revisions\/6486"}],"wp:attachment":[{"href":"https:\/\/terminotix.com\/en\/wp-json\/wp\/v2\/media?parent=89"}],"curies":[{"name":"wp","href":"https:\/\/api.w.org\/{rel}","templated":true}]}}